{"id":19626,"date":"2022-01-28T14:23:26","date_gmt":"2022-01-28T11:53:26","guid":{"rendered":"https:\/\/cerenkataryildirim.com\/?page_id=19626"},"modified":"2023-05-12T15:12:09","modified_gmt":"2023-05-12T12:12:09","slug":"hakkimizda","status":"publish","type":"page","link":"https:\/\/cerenkataryildirim.com\/en\/about\/","title":{"rendered":"About me"},"content":{"rendered":"<div data-elementor-type=\"wp-page\" data-elementor-id=\"19626\" class=\"elementor elementor-19626\" data-elementor-post-type=\"page\">\n\t\t\t\t\t\t<section class=\"elementor-section elementor-top-section elementor-element elementor-element-d0905e0 scheme_default elementor-section-boxed elementor-section-height-default elementor-section-height-default sc_fly_static\" data-id=\"d0905e0\" data-element_type=\"section\" data-e-type=\"section\" data-settings=\"{&quot;background_background&quot;:&quot;classic&quot;}\">\n\t\t\t\t\t\t<div class=\"elementor-container elementor-column-gap-extended\">\n\t\t\t\t\t<div class=\"elementor-column elementor-col-100 elementor-top-column elementor-element elementor-element-c5c3509 sc_inner_width_none sc_content_align_inherit sc_layouts_column_icons_position_left sc_fly_static\" data-id=\"c5c3509\" data-element_type=\"column\" data-e-type=\"column\">\n\t\t\t<div class=\"elementor-widget-wrap elementor-element-populated\">\n\t\t\t\t\t\t<section class=\"elementor-section elementor-inner-section elementor-element elementor-element-f4adbac elementor-section-content-middle elementor-section-boxed elementor-section-height-default elementor-section-height-default sc_fly_static\" data-id=\"f4adbac\" data-element_type=\"section\" data-e-type=\"section\">\n\t\t\t\t\t\t<div class=\"elementor-container elementor-column-gap-no\">\n\t\t\t\t\t<div class=\"elementor-column elementor-col-100 elementor-inner-column elementor-element elementor-element-d7eb3e4 sc_inner_width_none sc_content_align_inherit sc_layouts_column_icons_position_left sc_fly_static\" data-id=\"d7eb3e4\" data-element_type=\"column\" data-e-type=\"column\">\n\t\t\t<div class=\"elementor-widget-wrap elementor-element-populated\">\n\t\t\t\t\t\t<div class=\"elementor-element elementor-element-aa91f59 sc_fly_static elementor-widget elementor-widget-theme-site-title elementor-widget-heading\" data-id=\"aa91f59\" data-element_type=\"widget\" data-e-type=\"widget\" data-widget_type=\"theme-site-title.default\">\n\t\t\t\t<div class=\"elementor-widget-container\">\n\t\t\t\t\t<h6 class=\"elementor-heading-title elementor-size-default\"><a href=\"https:\/\/cerenkataryildirim.com\/en\">Op. Dr. Ceren Katar Y\u0131ld\u0131r\u0131m<\/a><\/h6>\t\t\t\t<\/div>\n\t\t\t\t<\/div>\n\t\t\t\t\t<\/div>\n\t\t<\/div>\n\t\t\t\t\t<\/div>\n\t\t<\/section>\n\t\t\t\t\t<\/div>\n\t\t<\/div>\n\t\t\t\t\t<\/div>\n\t\t<\/section>\n\t\t\t\t<section class=\"elementor-section elementor-top-section elementor-element elementor-element-5e87288 scheme_default elementor-section-boxed elementor-section-height-default elementor-section-height-default sc_fly_static\" data-id=\"5e87288\" data-element_type=\"section\" data-e-type=\"section\" data-settings=\"{&quot;background_background&quot;:&quot;classic&quot;}\">\n\t\t\t\t\t\t<div class=\"elementor-container elementor-column-gap-no\">\n\t\t\t\t\t<div class=\"elementor-column elementor-col-50 elementor-top-column elementor-element elementor-element-2682eba sc_inner_width_none sc_content_align_inherit sc_layouts_column_icons_position_left sc_fly_static\" data-id=\"2682eba\" data-element_type=\"column\" data-e-type=\"column\">\n\t\t\t<div class=\"elementor-widget-wrap elementor-element-populated\">\n\t\t\t\t\t\t<div class=\"elementor-element elementor-element-c35dd2a sc_fly_static elementor-widget elementor-widget-image\" data-id=\"c35dd2a\" data-element_type=\"widget\" data-e-type=\"widget\" data-widget_type=\"image.default\">\n\t\t\t\t<div class=\"elementor-widget-container\">\n\t\t\t\t\t\t\t\t\t\t\t\t\t\t\t<img fetchpriority=\"high\" decoding=\"async\" width=\"1243\" height=\"1097\" src=\"https:\/\/cerenkataryildirim.com\/wp-content\/uploads\/2023\/03\/Op.-Dr.-Ceren-Katar-Yildirim-Hakkimizda-Comp.jpg\" class=\"attachment-2048x2048 size-2048x2048 wp-image-24205\" alt=\"\" srcset=\"https:\/\/cerenkataryildirim.com\/wp-content\/uploads\/2023\/03\/Op.-Dr.-Ceren-Katar-Yildirim-Hakkimizda-Comp.jpg 1243w, https:\/\/cerenkataryildirim.com\/wp-content\/uploads\/2023\/03\/Op.-Dr.-Ceren-Katar-Yildirim-Hakkimizda-Comp-300x265.jpg 300w, https:\/\/cerenkataryildirim.com\/wp-content\/uploads\/2023\/03\/Op.-Dr.-Ceren-Katar-Yildirim-Hakkimizda-Comp-1024x904.jpg 1024w, https:\/\/cerenkataryildirim.com\/wp-content\/uploads\/2023\/03\/Op.-Dr.-Ceren-Katar-Yildirim-Hakkimizda-Comp-768x678.jpg 768w, https:\/\/cerenkataryildirim.com\/wp-content\/uploads\/2023\/03\/Op.-Dr.-Ceren-Katar-Yildirim-Hakkimizda-Comp-370x327.jpg 370w, https:\/\/cerenkataryildirim.com\/wp-content\/uploads\/2023\/03\/Op.-Dr.-Ceren-Katar-Yildirim-Hakkimizda-Comp-840x741.jpg 840w, https:\/\/cerenkataryildirim.com\/wp-content\/uploads\/2023\/03\/Op.-Dr.-Ceren-Katar-Yildirim-Hakkimizda-Comp-410x362.jpg 410w\" sizes=\"(max-width: 1243px) 100vw, 1243px\" \/>\t\t\t\t\t\t\t\t\t\t\t\t\t\t\t<\/div>\n\t\t\t\t<\/div>\n\t\t\t\t\t<\/div>\n\t\t<\/div>\n\t\t\t\t<div class=\"elementor-column elementor-col-50 elementor-top-column elementor-element elementor-element-2925877 sc_inner_width_none sc_content_align_inherit sc_layouts_column_icons_position_left sc_fly_static\" data-id=\"2925877\" data-element_type=\"column\" data-e-type=\"column\">\n\t\t\t<div class=\"elementor-widget-wrap elementor-element-populated\">\n\t\t\t\t\t\t<div class=\"elementor-element elementor-element-92619e1 sc_fly_static elementor-widget elementor-widget-text-editor\" data-id=\"92619e1\" data-element_type=\"widget\" data-e-type=\"widget\" data-widget_type=\"text-editor.default\">\n\t\t\t\t<div class=\"elementor-widget-container\">\n\t\t\t\t\t\t\t\t\t<h1>Resume<\/h1><p>I completed my primary and secondary education in Kahramanmara\u015f and my high school education in Sivas Science High School. In 2010, I graduated from Eski\u015fehir Osmangazi University Faculty of Medicine with a 4th degree and was awarded with a certificate of achievement by the university administration.<\/p><p>After passing the Medical Specialization Examination (TUS) successfully, I started my specialization in \"Gynecology and Obstetrics\" at \"Ankara Dr. Zekai Tahir Burak Women's Health Training and Research Hospital\", Turkey's largest gynecology hospital. In 2016, I successfully completed my residency and became a 'Gynecology and Obstetrics Specialist' and received the title of 'Operator Doctor'.<\/p>\t\t\t\t\t\t\t\t<\/div>\n\t\t\t\t<\/div>\n\t\t\t\t<div class=\"elementor-element elementor-element-2868e9e sc_height_small sc_fly_static elementor-widget elementor-widget-spacer\" data-id=\"2868e9e\" data-element_type=\"widget\" data-e-type=\"widget\" data-widget_type=\"spacer.default\">\n\t\t\t\t<div class=\"elementor-widget-container\">\n\t\t\t\t\t\t\t<div class=\"elementor-spacer\">\n\t\t\t<div class=\"elementor-spacer-inner\"><\/div>\n\t\t<\/div>\n\t\t\t\t\t\t<\/div>\n\t\t\t\t<\/div>\n\t\t\t\t\t<\/div>\n\t\t<\/div>\n\t\t\t\t\t<\/div>\n\t\t<\/section>\n\t\t\t\t<section class=\"elementor-section elementor-top-section elementor-element elementor-element-0194e15 scheme_default elementor-section-boxed elementor-section-height-default elementor-section-height-default sc_fly_static\" data-id=\"0194e15\" data-element_type=\"section\" data-e-type=\"section\" data-settings=\"{&quot;background_background&quot;:&quot;classic&quot;}\">\n\t\t\t\t\t\t<div class=\"elementor-container elementor-column-gap-no\">\n\t\t\t\t\t<div class=\"elementor-column elementor-col-66 elementor-top-column elementor-element elementor-element-491b873 sc_inner_width_none sc_content_align_inherit sc_layouts_column_icons_position_left sc_fly_static\" data-id=\"491b873\" data-element_type=\"column\" data-e-type=\"column\" data-settings=\"{&quot;background_background&quot;:&quot;classic&quot;}\">\n\t\t\t<div class=\"elementor-widget-wrap\">\n\t\t\t\t\t\t\t<\/div>\n\t\t<\/div>\n\t\t\t\t<div class=\"elementor-column elementor-col-33 elementor-top-column elementor-element elementor-element-eaae506 sc_inner_width_none sc_content_align_inherit sc_layouts_column_icons_position_left sc_fly_static\" data-id=\"eaae506\" data-element_type=\"column\" data-e-type=\"column\">\n\t\t\t<div class=\"elementor-widget-wrap elementor-element-populated\">\n\t\t\t\t\t\t<section class=\"elementor-section elementor-inner-section elementor-element elementor-element-ff8f346 elementor-section-boxed elementor-section-height-default elementor-section-height-default sc_fly_static\" data-id=\"ff8f346\" data-element_type=\"section\" data-e-type=\"section\" data-settings=\"{&quot;background_background&quot;:&quot;classic&quot;}\">\n\t\t\t\t\t\t<div class=\"elementor-container elementor-column-gap-no\">\n\t\t\t\t\t<div class=\"elementor-column elementor-col-50 elementor-inner-column elementor-element elementor-element-de3fbea scheme_dark sc_inner_width_none sc_content_align_inherit sc_layouts_column_icons_position_left sc_fly_static\" data-id=\"de3fbea\" data-element_type=\"column\" data-e-type=\"column\" data-settings=\"{&quot;background_background&quot;:&quot;classic&quot;}\">\n\t\t\t<div class=\"elementor-widget-wrap elementor-element-populated\">\n\t\t\t\t\t\t<div class=\"elementor-element elementor-element-eceef4b sc_fly_static elementor-widget elementor-widget-trx_sc_skills\" data-id=\"eceef4b\" data-element_type=\"widget\" data-e-type=\"widget\" data-widget_type=\"trx_sc_skills.default\">\n\t\t\t\t<div class=\"elementor-widget-container\">\n\t\t\t\t\t<div\t\tclass=\"sc_skills sc_skills_counter sc_skills_counter_style_odometer sc_align_left\"\n\t\t\t\tdata-type=\"counter\" ><div class=\"sc_skills_column trx_addons_column-1_1\"><div class=\"sc_skills_item_wrap sc_skills_item_icon_position_top\"><div class=\"sc_skills_item\"><div class=\"sc_skills_total\" data-start=\"0\" data-stop=\"13\" data-step=\"0.13\" data-max=\"13\" data-speed=\"15\" data-duration=\"1500\" data-ed=\"\" data-style=\"odometer\"><span class=\"sc_skills_digits\"><span class=\"sc_skills_digit\"><span class=\"sc_skills_digit_placeholder\">8<\/span><span class=\"sc_skills_digit_wrap\"><span class=\"sc_skills_digit_ribbon\"><span class=\"sc_skills_digit_value\">0<\/span><\/span><\/span><\/span><span class=\"sc_skills_digit\"><span class=\"sc_skills_digit_placeholder\">8<\/span><span class=\"sc_skills_digit_wrap\"><span class=\"sc_skills_digit_ribbon\"><span class=\"sc_skills_digit_value\">0<\/span><\/span><\/span><\/span><\/span><\/div><\/div><div class=\"sc_skills_item_title\">Years of experience<\/div><\/div><\/div><\/div>\t\t\t\t<\/div>\n\t\t\t\t<\/div>\n\t\t\t\t\t<\/div>\n\t\t<\/div>\n\t\t\t\t<div class=\"elementor-column elementor-col-50 elementor-inner-column elementor-element elementor-element-b44d207 scheme_dark sc_inner_width_none sc_content_align_inherit sc_layouts_column_icons_position_left sc_fly_static\" data-id=\"b44d207\" data-element_type=\"column\" data-e-type=\"column\" data-settings=\"{&quot;background_background&quot;:&quot;classic&quot;}\">\n\t\t\t<div class=\"elementor-widget-wrap elementor-element-populated\">\n\t\t\t\t\t\t<div class=\"elementor-element elementor-element-ea5eb51 sc_fly_static elementor-widget elementor-widget-trx_sc_skills\" data-id=\"ea5eb51\" data-element_type=\"widget\" data-e-type=\"widget\" data-widget_type=\"trx_sc_skills.default\">\n\t\t\t\t<div class=\"elementor-widget-container\">\n\t\t\t\t\t<div\t\tclass=\"sc_skills sc_skills_counter sc_skills_counter_style_odometer sc_align_left\"\n\t\t\t\tdata-type=\"counter\" ><div class=\"sc_skills_column trx_addons_column-1_1\"><div class=\"sc_skills_item_wrap sc_skills_item_icon_position_top\"><div class=\"sc_skills_item\"><div class=\"sc_skills_total\" data-start=\"0\" data-stop=\"1000\" data-step=\"10\" data-max=\"1000\" data-speed=\"15\" data-duration=\"1500\" data-ed=\"+\" data-style=\"odometer\"><span class=\"sc_skills_digits\"><span class=\"sc_skills_digit\"><span class=\"sc_skills_digit_placeholder\">8<\/span><span class=\"sc_skills_digit_wrap\"><span class=\"sc_skills_digit_ribbon\"><span class=\"sc_skills_digit_value\">0<\/span><\/span><\/span><\/span><span class=\"sc_skills_digit\"><span class=\"sc_skills_digit_placeholder\">8<\/span><span class=\"sc_skills_digit_wrap\"><span class=\"sc_skills_digit_ribbon\"><span class=\"sc_skills_digit_value\">0<\/span><\/span><\/span><\/span><span class=\"sc_skills_digit\"><span class=\"sc_skills_digit_placeholder\">8<\/span><span class=\"sc_skills_digit_wrap\"><span class=\"sc_skills_digit_ribbon\"><span class=\"sc_skills_digit_value\">0<\/span><\/span><\/span><\/span><span class=\"sc_skills_digit\"><span class=\"sc_skills_digit_placeholder\">8<\/span><span class=\"sc_skills_digit_wrap\"><span class=\"sc_skills_digit_ribbon\"><span class=\"sc_skills_digit_value\">0<\/span><\/span><\/span><\/span><span class=\"sc_skills_unit\">+<\/span><\/span><\/div><\/div><div class=\"sc_skills_item_title\">Patient<\/div><\/div><\/div><\/div>\t\t\t\t<\/div>\n\t\t\t\t<\/div>\n\t\t\t\t<div class=\"elementor-element elementor-element-f3349af sc_fly_static elementor-widget elementor-widget-spacer\" data-id=\"f3349af\" data-element_type=\"widget\" data-e-type=\"widget\" data-widget_type=\"spacer.default\">\n\t\t\t\t<div class=\"elementor-widget-container\">\n\t\t\t\t\t\t\t<div class=\"elementor-spacer\">\n\t\t\t<div class=\"elementor-spacer-inner\"><\/div>\n\t\t<\/div>\n\t\t\t\t\t\t<\/div>\n\t\t\t\t<\/div>\n\t\t\t\t\t<\/div>\n\t\t<\/div>\n\t\t\t\t\t<\/div>\n\t\t<\/section>\n\t\t\t\t<div class=\"elementor-element elementor-element-b1d4b18 sc_fly_static elementor-widget elementor-widget-spacer\" data-id=\"b1d4b18\" data-element_type=\"widget\" data-e-type=\"widget\" data-widget_type=\"spacer.default\">\n\t\t\t\t<div class=\"elementor-widget-container\">\n\t\t\t\t\t\t\t<div class=\"elementor-spacer\">\n\t\t\t<div class=\"elementor-spacer-inner\"><\/div>\n\t\t<\/div>\n\t\t\t\t\t\t<\/div>\n\t\t\t\t<\/div>\n\t\t\t\t\t<\/div>\n\t\t<\/div>\n\t\t\t\t\t<\/div>\n\t\t<\/section>\n\t\t\t\t<section class=\"elementor-section elementor-top-section elementor-element elementor-element-1be28e6d scheme_default elementor-section-content-middle elementor-section-boxed elementor-section-height-default elementor-section-height-default sc_fly_static\" data-id=\"1be28e6d\" data-element_type=\"section\" data-e-type=\"section\" data-settings=\"{&quot;background_background&quot;:&quot;classic&quot;}\">\n\t\t\t\t\t\t<div class=\"elementor-container elementor-column-gap-no\">\n\t\t\t\t\t<div class=\"elementor-column elementor-col-100 elementor-top-column elementor-element elementor-element-432784bc sc_inner_width_none sc_content_align_inherit sc_layouts_column_icons_position_left sc_fly_static\" data-id=\"432784bc\" data-element_type=\"column\" data-e-type=\"column\">\n\t\t\t<div class=\"elementor-widget-wrap elementor-element-populated\">\n\t\t\t\t\t\t<div class=\"elementor-element elementor-element-709da294 sc_fly_static elementor-widget elementor-widget-trx_sc_title\" data-id=\"709da294\" data-element_type=\"widget\" data-e-type=\"widget\" data-widget_type=\"trx_sc_title.default\">\n\t\t\t\t<div class=\"elementor-widget-container\">\n\t\t\t\t\t<div\t\tclass=\"sc_title sc_title_default\" ><div class=\"sc_item_descr sc_title_descr\"><p>I completed my compulsory service at Kahramanmara\u015f Elbistan District State Hospital. Later, I continued my duty at Ankara Ke\u00e7i\u00f6ren Training and Research Hospital, where I was assigned. Between 2020-2023, I worked at Hera Women's Health Center, one of Turkey's leading clinics on women's sexual health and genital aesthetics. During this time, as an active member of Hera Vaginismus Treatment Association and ISAGSS (International Society for Aesthetic Genital Surgery and Sexology), I took part as an educator in many national and international trainings in the field of genital aesthetics and sexual health. I have also been a speaker at congresses.<\/p>\n<p>From the first years of my residency training, I started to deal specifically with sexual dysfunctions and genital aesthetics in women. I have attended many trainings on this subject. Over the years, I have performed many surgical interventions in this area. I have successfully managed the treatment of patients with sexual problems.<\/p>\n<p>I help my patients with all sexual problems in women, especially vaginismus, sexual reluctance, pain in sexual intercourse (dyspareunia), orgasm and sexual pleasure problems.<\/p>\n<p>I also perform many genital aesthetic operations such as labiaplasty (inner lip aesthetics), vaginoplasty (vaginal tightening), perineoplasty, genital fat transfer, laser vaginal tightening, laser genital lightening.<\/p>\n<p>I have many national and international articles in the literature and I have an advanced level of English. Since 2023, I have been accepting my patients in my own surgery in \u00c7ukurambar.<\/p>\n<\/div><\/div>\t\t\t\t<\/div>\n\t\t\t\t<\/div>\n\t\t\t\t\t<\/div>\n\t\t<\/div>\n\t\t\t\t\t<\/div>\n\t\t<\/section>\n\t\t\t\t<\/div>","protected":false},"excerpt":{"rendered":"<p>\u00d6zge\u00e7mi\u015f \u0130lk ve orta \u00f6\u011frenimi Kahramanmara\u015f\u2019ta, lise \u00f6\u011frenimimi Sivas Fen Lisesi\u2019nde tamamlad\u0131m. 2010 y\u0131l\u0131nda Eski\u015fehir&hellip;<\/p>","protected":false},"author":16,"featured_media":0,"parent":0,"menu_order":0,"comment_status":"closed","ping_status":"closed","template":"","meta":{"footnotes":""},"class_list":["post-19626","page","type-page","status-publish","hentry"],"yoast_head":"<!-- This site is optimized with the Yoast SEO plugin v23.6 - https:\/\/yoast.com\/wordpress\/plugins\/seo\/ -->\n<title>Hakk\u0131mda - Op. Dr. Ceren Katar Y\u0131ld\u0131r\u0131m<\/title>\n<meta name=\"robots\" content=\"index, follow, max-snippet:-1, max-image-preview:large, max-video-preview:-1\" \/>\n<link rel=\"canonical\" href=\"https:\/\/cerenkataryildirim.com\/en\/hakkimizda\/\" \/>\n<meta property=\"og:locale\" content=\"en_US\" \/>\n<meta property=\"og:type\" content=\"article\" \/>\n<meta property=\"og:title\" content=\"Hakk\u0131mda - Op. Dr. Ceren Katar Y\u0131ld\u0131r\u0131m\" \/>\n<meta property=\"og:description\" content=\"\u00d6zge\u00e7mi\u015f \u0130lk ve orta \u00f6\u011frenimi Kahramanmara\u015f\u2019ta, lise \u00f6\u011frenimimi Sivas Fen Lisesi\u2019nde tamamlad\u0131m. 2010 y\u0131l\u0131nda Eski\u015fehir&hellip;\" \/>\n<meta property=\"og:url\" content=\"https:\/\/cerenkataryildirim.com\/en\/hakkimizda\/\" \/>\n<meta property=\"og:site_name\" content=\"Op. Dr. Ceren Katar Y\u0131ld\u0131r\u0131m\" \/>\n<meta property=\"article:modified_time\" content=\"2023-05-12T12:12:09+00:00\" \/>\n<meta property=\"og:image\" content=\"https:\/\/cerenkataryildirim.com\/wp-content\/uploads\/2023\/03\/Op.-Dr.-Ceren-Katar-Yildirim-Hakkimizda-Comp.jpg\" \/>\n<meta name=\"twitter:card\" content=\"summary_large_image\" \/>\n<meta name=\"twitter:label1\" content=\"Est. reading time\" \/>\n\t<meta name=\"twitter:data1\" content=\"2 minutes\" \/>\n<script type=\"application\/ld+json\" class=\"yoast-schema-graph\">{\"@context\":\"https:\/\/schema.org\",\"@graph\":[{\"@type\":\"WebPage\",\"@id\":\"https:\/\/cerenkataryildirim.com\/hakkimizda\/\",\"url\":\"https:\/\/cerenkataryildirim.com\/hakkimizda\/\",\"name\":\"Hakk\u0131mda - Op. Dr. Ceren Katar Y\u0131ld\u0131r\u0131m\",\"isPartOf\":{\"@id\":\"https:\/\/cerenkataryildirim.com\/#website\"},\"primaryImageOfPage\":{\"@id\":\"https:\/\/cerenkataryildirim.com\/hakkimizda\/#primaryimage\"},\"image\":{\"@id\":\"https:\/\/cerenkataryildirim.com\/hakkimizda\/#primaryimage\"},\"thumbnailUrl\":\"https:\/\/cerenkataryildirim.com\/wp-content\/uploads\/2023\/03\/Op.-Dr.-Ceren-Katar-Yildirim-Hakkimizda-Comp.jpg\",\"datePublished\":\"2022-01-28T11:53:26+00:00\",\"dateModified\":\"2023-05-12T12:12:09+00:00\",\"breadcrumb\":{\"@id\":\"https:\/\/cerenkataryildirim.com\/hakkimizda\/#breadcrumb\"},\"inLanguage\":\"en-US\",\"potentialAction\":[{\"@type\":\"ReadAction\",\"target\":[\"https:\/\/cerenkataryildirim.com\/hakkimizda\/\"]}]},{\"@type\":\"ImageObject\",\"inLanguage\":\"en-US\",\"@id\":\"https:\/\/cerenkataryildirim.com\/hakkimizda\/#primaryimage\",\"url\":\"https:\/\/cerenkataryildirim.com\/wp-content\/uploads\/2023\/03\/Op.-Dr.-Ceren-Katar-Yildirim-Hakkimizda-Comp.jpg\",\"contentUrl\":\"https:\/\/cerenkataryildirim.com\/wp-content\/uploads\/2023\/03\/Op.-Dr.-Ceren-Katar-Yildirim-Hakkimizda-Comp.jpg\"},{\"@type\":\"BreadcrumbList\",\"@id\":\"https:\/\/cerenkataryildirim.com\/hakkimizda\/#breadcrumb\",\"itemListElement\":[{\"@type\":\"ListItem\",\"position\":1,\"name\":\"Anasayfa\",\"item\":\"https:\/\/cerenkataryildirim.com\/\"},{\"@type\":\"ListItem\",\"position\":2,\"name\":\"Hakk\u0131mda\"}]},{\"@type\":\"WebSite\",\"@id\":\"https:\/\/cerenkataryildirim.com\/#website\",\"url\":\"https:\/\/cerenkataryildirim.com\/\",\"name\":\"Op. Dr. Ceren Katar Y\u0131ld\u0131r\u0131m\",\"description\":\"Kad\u0131n Hastal\u0131klar\u0131 ve Do\u011fum Uzman\u0131\",\"publisher\":{\"@id\":\"https:\/\/cerenkataryildirim.com\/#organization\"},\"potentialAction\":[{\"@type\":\"SearchAction\",\"target\":{\"@type\":\"EntryPoint\",\"urlTemplate\":\"https:\/\/cerenkataryildirim.com\/?s={search_term_string}\"},\"query-input\":{\"@type\":\"PropertyValueSpecification\",\"valueRequired\":true,\"valueName\":\"search_term_string\"}}],\"inLanguage\":\"en-US\"},{\"@type\":\"Organization\",\"@id\":\"https:\/\/cerenkataryildirim.com\/#organization\",\"name\":\"Op. Dr. Ceren Katar Y\u0131ld\u0131r\u0131m\",\"url\":\"https:\/\/cerenkataryildirim.com\/\",\"logo\":{\"@type\":\"ImageObject\",\"inLanguage\":\"en-US\",\"@id\":\"https:\/\/cerenkataryildirim.com\/#\/schema\/logo\/image\/\",\"url\":\"https:\/\/cerenkataryildirim.com\/wp-content\/uploads\/2023\/01\/Ceren-Katar-Yildirim-Logo-r2.png\",\"contentUrl\":\"https:\/\/cerenkataryildirim.com\/wp-content\/uploads\/2023\/01\/Ceren-Katar-Yildirim-Logo-r2.png\",\"width\":1064,\"height\":377,\"caption\":\"Op. Dr. Ceren Katar Y\u0131ld\u0131r\u0131m\"},\"image\":{\"@id\":\"https:\/\/cerenkataryildirim.com\/#\/schema\/logo\/image\/\"},\"sameAs\":[\"https:\/\/www.instagram.com\/op.dr.cerenkataryildirim\"]}]}<\/script>\n<!-- \/ Yoast SEO plugin. -->","yoast_head_json":{"title":"About Me - Op. Dr. Ceren Katar Y\u0131ld\u0131r\u0131m","robots":{"index":"index","follow":"follow","max-snippet":"max-snippet:-1","max-image-preview":"max-image-preview:large","max-video-preview":"max-video-preview:-1"},"canonical":"https:\/\/cerenkataryildirim.com\/en\/hakkimizda\/","og_locale":"en_US","og_type":"article","og_title":"Hakk\u0131mda - Op. Dr. Ceren Katar Y\u0131ld\u0131r\u0131m","og_description":"\u00d6zge\u00e7mi\u015f \u0130lk ve orta \u00f6\u011frenimi Kahramanmara\u015f\u2019ta, lise \u00f6\u011frenimimi Sivas Fen Lisesi\u2019nde tamamlad\u0131m. 2010 y\u0131l\u0131nda Eski\u015fehir&hellip;","og_url":"https:\/\/cerenkataryildirim.com\/en\/hakkimizda\/","og_site_name":"Op. Dr. Ceren Katar Y\u0131ld\u0131r\u0131m","article_modified_time":"2023-05-12T12:12:09+00:00","og_image":[{"url":"https:\/\/cerenkataryildirim.com\/wp-content\/uploads\/2023\/03\/Op.-Dr.-Ceren-Katar-Yildirim-Hakkimizda-Comp.jpg"}],"twitter_card":"summary_large_image","twitter_misc":{"Est. reading time":"2 minutes"},"schema":{"@context":"https:\/\/schema.org","@graph":[{"@type":"WebPage","@id":"https:\/\/cerenkataryildirim.com\/hakkimizda\/","url":"https:\/\/cerenkataryildirim.com\/hakkimizda\/","name":"About Me - Op. Dr. Ceren Katar Y\u0131ld\u0131r\u0131m","isPartOf":{"@id":"https:\/\/cerenkataryildirim.com\/#website"},"primaryImageOfPage":{"@id":"https:\/\/cerenkataryildirim.com\/hakkimizda\/#primaryimage"},"image":{"@id":"https:\/\/cerenkataryildirim.com\/hakkimizda\/#primaryimage"},"thumbnailUrl":"https:\/\/cerenkataryildirim.com\/wp-content\/uploads\/2023\/03\/Op.-Dr.-Ceren-Katar-Yildirim-Hakkimizda-Comp.jpg","datePublished":"2022-01-28T11:53:26+00:00","dateModified":"2023-05-12T12:12:09+00:00","breadcrumb":{"@id":"https:\/\/cerenkataryildirim.com\/hakkimizda\/#breadcrumb"},"inLanguage":"en-US","potentialAction":[{"@type":"ReadAction","target":["https:\/\/cerenkataryildirim.com\/hakkimizda\/"]}]},{"@type":"ImageObject","inLanguage":"en-US","@id":"https:\/\/cerenkataryildirim.com\/hakkimizda\/#primaryimage","url":"https:\/\/cerenkataryildirim.com\/wp-content\/uploads\/2023\/03\/Op.-Dr.-Ceren-Katar-Yildirim-Hakkimizda-Comp.jpg","contentUrl":"https:\/\/cerenkataryildirim.com\/wp-content\/uploads\/2023\/03\/Op.-Dr.-Ceren-Katar-Yildirim-Hakkimizda-Comp.jpg"},{"@type":"BreadcrumbList","@id":"https:\/\/cerenkataryildirim.com\/hakkimizda\/#breadcrumb","itemListElement":[{"@type":"ListItem","position":1,"name":"Anasayfa","item":"https:\/\/cerenkataryildirim.com\/"},{"@type":"ListItem","position":2,"name":"Hakk\u0131mda"}]},{"@type":"WebSite","@id":"https:\/\/cerenkataryildirim.com\/#website","url":"https:\/\/cerenkataryildirim.com\/","name":"Op. Dr. Ceren Katar Y\u0131ld\u0131r\u0131m","description":"Kad\u0131n Hastal\u0131klar\u0131 ve Do\u011fum Uzman\u0131","publisher":{"@id":"https:\/\/cerenkataryildirim.com\/#organization"},"potentialAction":[{"@type":"SearchAction","target":{"@type":"EntryPoint","urlTemplate":"https:\/\/cerenkataryildirim.com\/?s={search_term_string}"},"query-input":{"@type":"PropertyValueSpecification","valueRequired":true,"valueName":"search_term_string"}}],"inLanguage":"en-US"},{"@type":"Organization","@id":"https:\/\/cerenkataryildirim.com\/#organization","name":"Op. Dr. Ceren Katar Y\u0131ld\u0131r\u0131m","url":"https:\/\/cerenkataryildirim.com\/","logo":{"@type":"ImageObject","inLanguage":"en-US","@id":"https:\/\/cerenkataryildirim.com\/#\/schema\/logo\/image\/","url":"https:\/\/cerenkataryildirim.com\/wp-content\/uploads\/2023\/01\/Ceren-Katar-Yildirim-Logo-r2.png","contentUrl":"https:\/\/cerenkataryildirim.com\/wp-content\/uploads\/2023\/01\/Ceren-Katar-Yildirim-Logo-r2.png","width":1064,"height":377,"caption":"Op. Dr. Ceren Katar Y\u0131ld\u0131r\u0131m"},"image":{"@id":"https:\/\/cerenkataryildirim.com\/#\/schema\/logo\/image\/"},"sameAs":["https:\/\/www.instagram.com\/op.dr.cerenkataryildirim"]}]}},"_links":{"self":[{"href":"https:\/\/cerenkataryildirim.com\/en\/wp-json\/wp\/v2\/pages\/19626","targetHints":{"allow":["GET"]}}],"collection":[{"href":"https:\/\/cerenkataryildirim.com\/en\/wp-json\/wp\/v2\/pages"}],"about":[{"href":"https:\/\/cerenkataryildirim.com\/en\/wp-json\/wp\/v2\/types\/page"}],"author":[{"embeddable":true,"href":"https:\/\/cerenkataryildirim.com\/en\/wp-json\/wp\/v2\/users\/16"}],"replies":[{"embeddable":true,"href":"https:\/\/cerenkataryildirim.com\/en\/wp-json\/wp\/v2\/comments?post=19626"}],"version-history":[{"count":76,"href":"https:\/\/cerenkataryildirim.com\/en\/wp-json\/wp\/v2\/pages\/19626\/revisions"}],"predecessor-version":[{"id":24544,"href":"https:\/\/cerenkataryildirim.com\/en\/wp-json\/wp\/v2\/pages\/19626\/revisions\/24544"}],"wp:attachment":[{"href":"https:\/\/cerenkataryildirim.com\/en\/wp-json\/wp\/v2\/media?parent=19626"}],"curies":[{"name":"wp","href":"https:\/\/api.w.org\/{rel}","templated":true}]}}