{"id":19779,"date":"2022-01-31T12:46:43","date_gmt":"2022-01-31T10:16:43","guid":{"rendered":"https:\/\/cerenkataryildirim.com\/?page_id=19779"},"modified":"2023-03-13T13:53:10","modified_gmt":"2023-03-13T10:53:10","slug":"randevu","status":"publish","type":"page","link":"https:\/\/cerenkataryildirim.com\/en\/randevu\/","title":{"rendered":"Appointment"},"content":{"rendered":"<div data-elementor-type=\"wp-page\" data-elementor-id=\"19779\" class=\"elementor elementor-19779\" data-elementor-post-type=\"page\">\n\t\t\t\t\t\t<section class=\"elementor-section elementor-top-section elementor-element elementor-element-062d95c elementor-section-boxed elementor-section-height-default elementor-section-height-default sc_fly_static\" data-id=\"062d95c\" data-element_type=\"section\">\n\t\t\t\t\t\t<div class=\"elementor-container elementor-column-gap-extended\">\n\t\t\t\t\t<div class=\"elementor-column elementor-col-100 elementor-top-column elementor-element elementor-element-4ad0868 sc_inner_width_none sc_content_align_inherit sc_layouts_column_icons_position_left sc_fly_static\" data-id=\"4ad0868\" data-element_type=\"column\">\n\t\t\t<div class=\"elementor-widget-wrap elementor-element-populated\">\n\t\t\t\t\t\t\t<\/div>\n\t\t<\/div>\n\t\t\t\t\t<\/div>\n\t\t<\/section>\n\t\t\t\t<section class=\"elementor-section elementor-top-section elementor-element elementor-element-b00c176 elementor-section-boxed elementor-section-height-default elementor-section-height-default sc_fly_static\" data-id=\"b00c176\" data-element_type=\"section\">\n\t\t\t\t\t\t<div class=\"elementor-container elementor-column-gap-extended\">\n\t\t\t\t\t<div class=\"elementor-column elementor-col-100 elementor-top-column elementor-element elementor-element-8d3cb47 sc_inner_width_none sc_content_align_inherit sc_layouts_column_icons_position_left sc_fly_static\" data-id=\"8d3cb47\" data-element_type=\"column\">\n\t\t\t<div class=\"elementor-widget-wrap elementor-element-populated\">\n\t\t\t\t\t\t<div class=\"elementor-element elementor-element-6a00550 sc_layouts_hide_on_mobile sc_fly_static elementor-widget elementor-widget-trx_sc_icons\" data-id=\"6a00550\" data-element_type=\"widget\" data-widget_type=\"trx_sc_icons.default\">\n\t\t\t\t<div class=\"elementor-widget-container\">\n\t\t\t\t\t<div \tclass=\"sc_icons sc_icons_plain sc_icons_size_small sc_align_center\" ><div class=\"sc_icons_columns_wrap sc_item_columns trx_addons_columns_wrap columns_padding_bottom columns_in_single_row\" ><div class=\"trx_addons_column-1_3\"><div class=\"sc_icons_item\"><div class=\"sc_icons_icon sc_icon_type_ icon-wall-clock\" style=\"color: #1C9DD9\" ><span class=\"sc_icon_type_ icon-wall-clock\" style=\"color: #1C9DD9\"><\/span><\/div><div class=\"sc_icons_item_details\"><h4 class=\"sc_icons_item_title\"><span>Working hours<\/span><\/h4><div class=\"sc_icons_item_description\"><span>Mon-Fri: 9.00 \u2013 18.00<\/span><span>Saturday: 9.00 \u2013 16.00<\/span><span>Sunday: Closed<\/span><\/div><\/div><\/div><\/div><div class=\"trx_addons_column-1_3\"><div class=\"sc_icons_item sc_icons_item_linked with_more\"><div class=\"sc_icons_icon sc_icon_type_ icon-location-1\" style=\"color: #1C9DD9\" ><span class=\"sc_icon_type_ icon-location-1\" style=\"color: #1C9DD9\"><\/span><\/div><div class=\"sc_icons_item_details\"><h4 class=\"sc_icons_item_title\"><a href=\"https:\/\/goo.gl\/maps\/w5ewHdAALk4cMtWy5\">\n                                    Address                                    <\/a><\/h4><div class=\"sc_icons_item_description\"><span>\u00c7ukurambar Mahallesi, Muhsin Yaz\u0131c\u0131o\u011flu Caddesi, No 8\/17, \u00c7ankaya\/ANKARA<\/span><\/div><a href=\"https:\/\/goo.gl\/maps\/w5ewHdAALk4cMtWy5\" class=\"sc_icons_item_more_link\">\n                        <span class=\"link_text\">Directions<\/span><span class=\"link_icon\"><\/span>\n                        <\/a><a href=\"https:\/\/goo.gl\/maps\/w5ewHdAALk4cMtWy5\"\n                        class=\"sc_icons_item_link\">\n                        <\/a><\/div><\/div><\/div><div class=\"trx_addons_column-1_3\"><div class=\"sc_icons_item sc_icons_item_linked with_more\"><div class=\"sc_icons_icon sc_icon_type_ icon-support-style\" style=\"color: #1C9DD9\" ><span class=\"sc_icon_type_ icon-support-style\" style=\"color: #1C9DD9\"><\/span><\/div><div class=\"sc_icons_item_details\"><h4 class=\"sc_icons_item_title\"><a href=\"\/en\/iletisim\/\">\n                                    Contact                                    <\/a><\/h4><div class=\"sc_icons_item_description\"><span>Phone: <a href=\"tel:+903122861786\">0 312 286 17 86<\/a><\/span><span>Phone: <a href=\"tel:+905056024467\">0 505 602 44 67<\/a><\/span><span>E-Mail: <a href=\"mailto:cerenkatar@hotmail.com\">cerenkatar@hotmail.com<\/a><\/span><\/div><a href=\"\/en\/iletisim\/\" class=\"sc_icons_item_more_link\">\n                        <span class=\"link_text\">Write to us<\/span><span class=\"link_icon\"><\/span>\n                        <\/a><a href=\"\/en\/iletisim\/\"\n                        class=\"sc_icons_item_link\">\n                        <\/a><\/div><\/div><\/div><\/div><\/div><!-- \/.sc_icons -->\t\t\t\t<\/div>\n\t\t\t\t<\/div>\n\t\t\t\t<div class=\"elementor-element elementor-element-fa3096f sc_fly_static elementor-widget elementor-widget-ameliabooking\" data-id=\"fa3096f\" data-element_type=\"widget\" data-widget_type=\"ameliabooking.default\">\n\t\t\t\t<div class=\"elementor-widget-container\">\n\t\t\t\t\t\n<script>\n  if (typeof hasAmeliaAppointment === 'undefined') {\n    var hasAmeliaAppointment = true;\n  }\n  if (typeof hasAppointmentApiCall === 'undefined' && '' === '') {\n    var hasAppointmentApiCall = true;\n  }\n  var hasBookingShortcode = (typeof hasBookingShortcode === 'undefined') ? false : true;\n  var bookingEntitiesIds = (typeof bookingEntitiesIds === 'undefined') ? [] : bookingEntitiesIds;\n  bookingEntitiesIds.push(\n    {\n      'hasApiCall': (typeof hasAppointmentApiCall !== 'undefined') && hasAppointmentApiCall,\n      'trigger': '',\n      'show': '',\n      'counter': '0',\n      'category': '',\n      'service': '',\n      'employee': '',\n      'location': ''\n    }\n  );\n  var lazyBookingEntitiesIds = (typeof lazyBookingEntitiesIds === 'undefined') ? [] : lazyBookingEntitiesIds;\n  if (bookingEntitiesIds[bookingEntitiesIds.length - 1].trigger !== '') {\n    lazyBookingEntitiesIds.push(bookingEntitiesIds.pop());\n  }\n  if (typeof hasAppointmentApiCall !== 'undefined' && hasAppointmentApiCall) {\n    hasAppointmentApiCall = false;\n  }\n<\/script>\n\n<div id=\"amelia-app-booking0\" class=\"amelia-booking amelia-frontend amelia-app-booking\">\n  <booking id=\"amelia-step-booking0\"><\/booking>\n<\/div>\n\t\t\t\t<\/div>\n\t\t\t\t<\/div>\n\t\t\t\t<div class=\"elementor-element elementor-element-c1f754c sc_layouts_hide_on_wide sc_layouts_hide_on_desktop sc_layouts_hide_on_notebook sc_layouts_hide_on_tablet sc_fly_static elementor-widget elementor-widget-trx_sc_icons\" data-id=\"c1f754c\" data-element_type=\"widget\" data-widget_type=\"trx_sc_icons.default\">\n\t\t\t\t<div class=\"elementor-widget-container\">\n\t\t\t\t\t<div \tclass=\"sc_icons sc_icons_plain sc_icons_size_small sc_align_center\" ><div class=\"sc_icons_columns_wrap sc_item_columns trx_addons_columns_wrap columns_padding_bottom columns_in_single_row\" ><div class=\"trx_addons_column-1_3\"><div class=\"sc_icons_item\"><div class=\"sc_icons_icon sc_icon_type_ icon-wall-clock\" style=\"color: #1C9DD9\" ><span class=\"sc_icon_type_ icon-wall-clock\" style=\"color: #1C9DD9\"><\/span><\/div><div class=\"sc_icons_item_details\"><h4 class=\"sc_icons_item_title\"><span>Working hours<\/span><\/h4><div class=\"sc_icons_item_description\"><span>Mon-Fri: 9.00 \u2013 18.00<\/span><span>Saturday: 9.00 \u2013 16.00<\/span><span>Sunday: Closed<\/span><\/div><\/div><\/div><\/div><div class=\"trx_addons_column-1_3\"><div class=\"sc_icons_item sc_icons_item_linked with_more\"><div class=\"sc_icons_icon sc_icon_type_ icon-location-1\" style=\"color: #1C9DD9\" ><span class=\"sc_icon_type_ icon-location-1\" style=\"color: #1C9DD9\"><\/span><\/div><div class=\"sc_icons_item_details\"><h4 class=\"sc_icons_item_title\"><a href=\"https:\/\/goo.gl\/maps\/w5ewHdAALk4cMtWy5\">\n                                    Address                                    <\/a><\/h4><div class=\"sc_icons_item_description\"><span>\u00c7ukurambar Mahallesi, Muhsin Yaz\u0131c\u0131o\u011flu Caddesi, No 8\/17, \u00c7ankaya\/ANKARA<\/span><\/div><a href=\"https:\/\/goo.gl\/maps\/w5ewHdAALk4cMtWy5\" class=\"sc_icons_item_more_link\">\n                        <span class=\"link_text\">Directions<\/span><span class=\"link_icon\"><\/span>\n                        <\/a><a href=\"https:\/\/goo.gl\/maps\/w5ewHdAALk4cMtWy5\"\n                        class=\"sc_icons_item_link\">\n                        <\/a><\/div><\/div><\/div><div class=\"trx_addons_column-1_3\"><div class=\"sc_icons_item sc_icons_item_linked with_more\"><div class=\"sc_icons_icon sc_icon_type_ icon-support-style\" style=\"color: #1C9DD9\" ><span class=\"sc_icon_type_ icon-support-style\" style=\"color: #1C9DD9\"><\/span><\/div><div class=\"sc_icons_item_details\"><h4 class=\"sc_icons_item_title\"><a href=\"\/en\/iletisim\/\">\n                                    Contact                                    <\/a><\/h4><div class=\"sc_icons_item_description\"><span>Phone: <a href=\"tel:+903122861786\">0 312 286 17 86<\/a><\/span><span>Phone: <a href=\"tel:+905056024467\">0 505 602 44 67<\/a><\/span><span>E-Mail: <a href=\"mailto:cerenkatar@hotmail.com\">cerenkatar@hotmail.com<\/a><\/span><\/div><a href=\"\/en\/iletisim\/\" class=\"sc_icons_item_more_link\">\n                        <span class=\"link_text\">Write to us<\/span><span class=\"link_icon\"><\/span>\n                        <\/a><a href=\"\/en\/iletisim\/\"\n                        class=\"sc_icons_item_link\">\n                        <\/a><\/div><\/div><\/div><\/div><\/div><!-- \/.sc_icons -->\t\t\t\t<\/div>\n\t\t\t\t<\/div>\n\t\t\t\t\t<\/div>\n\t\t<\/div>\n\t\t\t\t\t<\/div>\n\t\t<\/section>\n\t\t\t\t<\/div>","protected":false},"excerpt":{"rendered":"<p>\u00c7al\u0131\u015fma saatleri Pzt-Cuma: 9.00 \u2013 18.00Cumartesi: 9.00 \u2013 16.00Pazar: Kapal\u0131 Adres \u00c7ukurambar Mahallesi, Muhsin Yaz\u0131c\u0131o\u011flu&hellip;<\/p>","protected":false},"author":16,"featured_media":0,"parent":0,"menu_order":0,"comment_status":"closed","ping_status":"closed","template":"","meta":{"footnotes":""},"class_list":["post-19779","page","type-page","status-publish","hentry"],"yoast_head":"<!-- This site is optimized with the Yoast SEO plugin v23.6 - https:\/\/yoast.com\/wordpress\/plugins\/seo\/ -->\n<title>Randevu - Op. Dr. Ceren Katar Y\u0131ld\u0131r\u0131m<\/title>\n<meta name=\"robots\" content=\"index, follow, max-snippet:-1, max-image-preview:large, max-video-preview:-1\" \/>\n<link rel=\"canonical\" href=\"https:\/\/cerenkataryildirim.com\/en\/randevu\/\" \/>\n<meta property=\"og:locale\" content=\"en_US\" \/>\n<meta property=\"og:type\" content=\"article\" \/>\n<meta property=\"og:title\" content=\"Randevu - Op. Dr. Ceren Katar Y\u0131ld\u0131r\u0131m\" \/>\n<meta property=\"og:description\" content=\"\u00c7al\u0131\u015fma saatleri Pzt-Cuma: 9.00 \u2013 18.00Cumartesi: 9.00 \u2013 16.00Pazar: Kapal\u0131 Adres \u00c7ukurambar Mahallesi, Muhsin Yaz\u0131c\u0131o\u011flu&hellip;\" \/>\n<meta property=\"og:url\" content=\"https:\/\/cerenkataryildirim.com\/en\/randevu\/\" \/>\n<meta property=\"og:site_name\" content=\"Op. Dr. Ceren Katar Y\u0131ld\u0131r\u0131m\" \/>\n<meta property=\"article:modified_time\" content=\"2023-03-13T10:53:10+00:00\" \/>\n<meta property=\"og:image\" content=\"https:\/\/cerenkataryildirim.com\/wp-content\/uploads\/2023\/01\/Ceren-Katar-Yildirim-Logo-r2.png\" \/>\n\t<meta property=\"og:image:width\" content=\"1064\" \/>\n\t<meta property=\"og:image:height\" content=\"377\" \/>\n\t<meta property=\"og:image:type\" content=\"image\/png\" \/>\n<meta name=\"twitter:card\" content=\"summary_large_image\" \/>\n<meta name=\"twitter:label1\" content=\"Est. reading time\" \/>\n\t<meta name=\"twitter:data1\" content=\"1 minute\" \/>\n<script type=\"application\/ld+json\" class=\"yoast-schema-graph\">{\"@context\":\"https:\/\/schema.org\",\"@graph\":[{\"@type\":\"WebPage\",\"@id\":\"https:\/\/cerenkataryildirim.com\/en\/randevu\/\",\"url\":\"https:\/\/cerenkataryildirim.com\/en\/randevu\/\",\"name\":\"Randevu - Op. Dr. Ceren Katar Y\u0131ld\u0131r\u0131m\",\"isPartOf\":{\"@id\":\"https:\/\/cerenkataryildirim.com\/#website\"},\"datePublished\":\"2022-01-31T10:16:43+00:00\",\"dateModified\":\"2023-03-13T10:53:10+00:00\",\"breadcrumb\":{\"@id\":\"https:\/\/cerenkataryildirim.com\/en\/randevu\/#breadcrumb\"},\"inLanguage\":\"en-US\",\"potentialAction\":[{\"@type\":\"ReadAction\",\"target\":[\"https:\/\/cerenkataryildirim.com\/en\/randevu\/\"]}]},{\"@type\":\"BreadcrumbList\",\"@id\":\"https:\/\/cerenkataryildirim.com\/en\/randevu\/#breadcrumb\",\"itemListElement\":[{\"@type\":\"ListItem\",\"position\":1,\"name\":\"Anasayfa\",\"item\":\"https:\/\/cerenkataryildirim.com\/\"},{\"@type\":\"ListItem\",\"position\":2,\"name\":\"Randevu\"}]},{\"@type\":\"WebSite\",\"@id\":\"https:\/\/cerenkataryildirim.com\/#website\",\"url\":\"https:\/\/cerenkataryildirim.com\/\",\"name\":\"Op. Dr. Ceren Katar Y\u0131ld\u0131r\u0131m\",\"description\":\"Kad\u0131n Hastal\u0131klar\u0131 ve Do\u011fum Uzman\u0131\",\"publisher\":{\"@id\":\"https:\/\/cerenkataryildirim.com\/#organization\"},\"potentialAction\":[{\"@type\":\"SearchAction\",\"target\":{\"@type\":\"EntryPoint\",\"urlTemplate\":\"https:\/\/cerenkataryildirim.com\/?s={search_term_string}\"},\"query-input\":{\"@type\":\"PropertyValueSpecification\",\"valueRequired\":true,\"valueName\":\"search_term_string\"}}],\"inLanguage\":\"en-US\"},{\"@type\":\"Organization\",\"@id\":\"https:\/\/cerenkataryildirim.com\/#organization\",\"name\":\"Op. Dr. Ceren Katar Y\u0131ld\u0131r\u0131m\",\"url\":\"https:\/\/cerenkataryildirim.com\/\",\"logo\":{\"@type\":\"ImageObject\",\"inLanguage\":\"en-US\",\"@id\":\"https:\/\/cerenkataryildirim.com\/#\/schema\/logo\/image\/\",\"url\":\"https:\/\/cerenkataryildirim.com\/wp-content\/uploads\/2023\/01\/Ceren-Katar-Yildirim-Logo-r2.png\",\"contentUrl\":\"https:\/\/cerenkataryildirim.com\/wp-content\/uploads\/2023\/01\/Ceren-Katar-Yildirim-Logo-r2.png\",\"width\":1064,\"height\":377,\"caption\":\"Op. Dr. Ceren Katar Y\u0131ld\u0131r\u0131m\"},\"image\":{\"@id\":\"https:\/\/cerenkataryildirim.com\/#\/schema\/logo\/image\/\"},\"sameAs\":[\"https:\/\/www.instagram.com\/op.dr.cerenkataryildirim\"]}]}<\/script>\n<!-- \/ Yoast SEO plugin. -->","yoast_head_json":{"title":"Randevu - Op. Dr. Ceren Katar Y\u0131ld\u0131r\u0131m","robots":{"index":"index","follow":"follow","max-snippet":"max-snippet:-1","max-image-preview":"max-image-preview:large","max-video-preview":"max-video-preview:-1"},"canonical":"https:\/\/cerenkataryildirim.com\/en\/randevu\/","og_locale":"en_US","og_type":"article","og_title":"Randevu - Op. Dr. Ceren Katar Y\u0131ld\u0131r\u0131m","og_description":"\u00c7al\u0131\u015fma saatleri Pzt-Cuma: 9.00 \u2013 18.00Cumartesi: 9.00 \u2013 16.00Pazar: Kapal\u0131 Adres \u00c7ukurambar Mahallesi, Muhsin Yaz\u0131c\u0131o\u011flu&hellip;","og_url":"https:\/\/cerenkataryildirim.com\/en\/randevu\/","og_site_name":"Op. Dr. Ceren Katar Y\u0131ld\u0131r\u0131m","article_modified_time":"2023-03-13T10:53:10+00:00","og_image":[{"width":1064,"height":377,"url":"https:\/\/cerenkataryildirim.com\/wp-content\/uploads\/2023\/01\/Ceren-Katar-Yildirim-Logo-r2.png","type":"image\/png"}],"twitter_card":"summary_large_image","twitter_misc":{"Est. reading time":"1 minute"},"schema":{"@context":"https:\/\/schema.org","@graph":[{"@type":"WebPage","@id":"https:\/\/cerenkataryildirim.com\/en\/randevu\/","url":"https:\/\/cerenkataryildirim.com\/en\/randevu\/","name":"Randevu - Op. Dr. Ceren Katar Y\u0131ld\u0131r\u0131m","isPartOf":{"@id":"https:\/\/cerenkataryildirim.com\/#website"},"datePublished":"2022-01-31T10:16:43+00:00","dateModified":"2023-03-13T10:53:10+00:00","breadcrumb":{"@id":"https:\/\/cerenkataryildirim.com\/en\/randevu\/#breadcrumb"},"inLanguage":"en-US","potentialAction":[{"@type":"ReadAction","target":["https:\/\/cerenkataryildirim.com\/en\/randevu\/"]}]},{"@type":"BreadcrumbList","@id":"https:\/\/cerenkataryildirim.com\/en\/randevu\/#breadcrumb","itemListElement":[{"@type":"ListItem","position":1,"name":"Anasayfa","item":"https:\/\/cerenkataryildirim.com\/"},{"@type":"ListItem","position":2,"name":"Randevu"}]},{"@type":"WebSite","@id":"https:\/\/cerenkataryildirim.com\/#website","url":"https:\/\/cerenkataryildirim.com\/","name":"Op. Dr. Ceren Katar Y\u0131ld\u0131r\u0131m","description":"Kad\u0131n Hastal\u0131klar\u0131 ve Do\u011fum Uzman\u0131","publisher":{"@id":"https:\/\/cerenkataryildirim.com\/#organization"},"potentialAction":[{"@type":"SearchAction","target":{"@type":"EntryPoint","urlTemplate":"https:\/\/cerenkataryildirim.com\/?s={search_term_string}"},"query-input":{"@type":"PropertyValueSpecification","valueRequired":true,"valueName":"search_term_string"}}],"inLanguage":"en-US"},{"@type":"Organization","@id":"https:\/\/cerenkataryildirim.com\/#organization","name":"Op. Dr. Ceren Katar Y\u0131ld\u0131r\u0131m","url":"https:\/\/cerenkataryildirim.com\/","logo":{"@type":"ImageObject","inLanguage":"en-US","@id":"https:\/\/cerenkataryildirim.com\/#\/schema\/logo\/image\/","url":"https:\/\/cerenkataryildirim.com\/wp-content\/uploads\/2023\/01\/Ceren-Katar-Yildirim-Logo-r2.png","contentUrl":"https:\/\/cerenkataryildirim.com\/wp-content\/uploads\/2023\/01\/Ceren-Katar-Yildirim-Logo-r2.png","width":1064,"height":377,"caption":"Op. Dr. Ceren Katar Y\u0131ld\u0131r\u0131m"},"image":{"@id":"https:\/\/cerenkataryildirim.com\/#\/schema\/logo\/image\/"},"sameAs":["https:\/\/www.instagram.com\/op.dr.cerenkataryildirim"]}]}},"_links":{"self":[{"href":"https:\/\/cerenkataryildirim.com\/en\/wp-json\/wp\/v2\/pages\/19779","targetHints":{"allow":["GET"]}}],"collection":[{"href":"https:\/\/cerenkataryildirim.com\/en\/wp-json\/wp\/v2\/pages"}],"about":[{"href":"https:\/\/cerenkataryildirim.com\/en\/wp-json\/wp\/v2\/types\/page"}],"author":[{"embeddable":true,"href":"https:\/\/cerenkataryildirim.com\/en\/wp-json\/wp\/v2\/users\/16"}],"replies":[{"embeddable":true,"href":"https:\/\/cerenkataryildirim.com\/en\/wp-json\/wp\/v2\/comments?post=19779"}],"version-history":[{"count":22,"href":"https:\/\/cerenkataryildirim.com\/en\/wp-json\/wp\/v2\/pages\/19779\/revisions"}],"predecessor-version":[{"id":24445,"href":"https:\/\/cerenkataryildirim.com\/en\/wp-json\/wp\/v2\/pages\/19779\/revisions\/24445"}],"wp:attachment":[{"href":"https:\/\/cerenkataryildirim.com\/en\/wp-json\/wp\/v2\/media?parent=19779"}],"curies":[{"name":"wp","href":"https:\/\/api.w.org\/{rel}","templated":true}]}}