{"id":22915,"date":"2023-01-19T19:24:40","date_gmt":"2023-01-19T16:24:40","guid":{"rendered":"https:\/\/cerenkataryildirim.com\/?page_id=22915"},"modified":"2023-03-05T18:19:47","modified_gmt":"2023-03-05T15:19:47","slug":"genital-estetik","status":"publish","type":"page","link":"https:\/\/cerenkataryildirim.com\/en\/ourservices\/genital-aesthetics\/","title":{"rendered":"Genital aesthetics"},"content":{"rendered":"<div data-elementor-type=\"wp-page\" data-elementor-id=\"22915\" class=\"elementor elementor-22915\" data-elementor-post-type=\"page\">\n\t\t\t\t\t\t<section class=\"elementor-section elementor-top-section elementor-element elementor-element-534edbef scheme_default elementor-section-boxed elementor-section-height-default elementor-section-height-default sc_fly_static\" data-id=\"534edbef\" data-element_type=\"section\" data-settings=\"{&quot;background_background&quot;:&quot;classic&quot;}\">\n\t\t\t\t\t\t<div class=\"elementor-container elementor-column-gap-extended\">\n\t\t\t\t\t<div class=\"elementor-column elementor-col-100 elementor-top-column elementor-element elementor-element-74e046a1 sc_inner_width_none sc_content_align_inherit sc_layouts_column_icons_position_left sc_fly_static\" data-id=\"74e046a1\" data-element_type=\"column\">\n\t\t\t<div class=\"elementor-widget-wrap elementor-element-populated\">\n\t\t\t\t\t\t<div class=\"elementor-element elementor-element-6cb9fe32 sc_height_small sc_fly_static elementor-widget elementor-widget-spacer\" data-id=\"6cb9fe32\" data-element_type=\"widget\" data-widget_type=\"spacer.default\">\n\t\t\t\t<div class=\"elementor-widget-container\">\n\t\t\t\t\t\t\t<div class=\"elementor-spacer\">\n\t\t\t<div class=\"elementor-spacer-inner\"><\/div>\n\t\t<\/div>\n\t\t\t\t\t\t<\/div>\n\t\t\t\t<\/div>\n\t\t\t\t<section class=\"elementor-section elementor-inner-section elementor-element elementor-element-db6d045 elementor-section-content-middle elementor-section-boxed elementor-section-height-default elementor-section-height-default sc_fly_static\" data-id=\"db6d045\" data-element_type=\"section\">\n\t\t\t\t\t\t<div class=\"elementor-container elementor-column-gap-no\">\n\t\t\t\t\t<div class=\"elementor-column elementor-col-100 elementor-inner-column elementor-element elementor-element-787ad9c sc_inner_width_none sc_content_align_inherit sc_layouts_column_icons_position_left sc_fly_static\" data-id=\"787ad9c\" data-element_type=\"column\">\n\t\t\t<div class=\"elementor-widget-wrap elementor-element-populated\">\n\t\t\t\t\t\t<div class=\"elementor-element elementor-element-666826d sc_fly_static elementor-widget elementor-widget-theme-site-title elementor-widget-heading\" data-id=\"666826d\" data-element_type=\"widget\" data-widget_type=\"theme-site-title.default\">\n\t\t\t\t<div class=\"elementor-widget-container\">\n\t\t\t\t\t<h6 class=\"elementor-heading-title elementor-size-default\"><a href=\"https:\/\/cerenkataryildirim.com\/en\">Op. Dr. Ceren Katar Y\u0131ld\u0131r\u0131m<\/a><\/h6>\t\t\t\t<\/div>\n\t\t\t\t<\/div>\n\t\t\t\t\t<\/div>\n\t\t<\/div>\n\t\t\t\t\t<\/div>\n\t\t<\/section>\n\t\t\t\t\t<\/div>\n\t\t<\/div>\n\t\t\t\t\t<\/div>\n\t\t<\/section>\n\t\t\t\t<section class=\"elementor-section elementor-top-section elementor-element elementor-element-7b2ffaf scheme_default elementor-section-content-middle elementor-section-boxed elementor-section-height-default elementor-section-height-default sc_fly_static\" data-id=\"7b2ffaf\" data-element_type=\"section\" data-settings=\"{&quot;background_background&quot;:&quot;classic&quot;}\">\n\t\t\t\t\t\t<div class=\"elementor-container elementor-column-gap-no\">\n\t\t\t\t\t<div class=\"elementor-column elementor-col-100 elementor-top-column elementor-element elementor-element-ad4e2b1 sc_inner_width_none sc_content_align_inherit sc_layouts_column_icons_position_left sc_fly_static\" data-id=\"ad4e2b1\" data-element_type=\"column\">\n\t\t\t<div class=\"elementor-widget-wrap elementor-element-populated\">\n\t\t\t\t\t\t<div class=\"elementor-element elementor-element-9f4ba4f sc_fly_static elementor-widget elementor-widget-trx_sc_icons\" data-id=\"9f4ba4f\" data-element_type=\"widget\" data-widget_type=\"trx_sc_icons.default\">\n\t\t\t\t<div class=\"elementor-widget-container\">\n\t\t\t\t\t<div \tclass=\"sc_icons color_style_dark sc_icons_accent2 sc_icons_size_medium sc_align_none\" ><div class=\"sc_icons_columns_wrap sc_item_columns trx_addons_columns_wrap columns_padding_bottom\" ><div class=\"trx_addons_column-1_3 trx_addons_column-1_4-tablet trx_addons_column-1_2-mobile\"><div class=\"sc_icons_item sc_icons_item_linked with_more\"><div class=\"sc_icons_icon sc_icon_type_ icon-048-examining-table\" style=\"color: #1C9DD9\" ><span class=\"sc_icon_type_ icon-048-examining-table\" style=\"color: #1C9DD9\"><\/span><\/div><div class=\"sc_icons_item_details\"><h4 class=\"sc_icons_item_title\"><a href=\"\/en\/hizmetlerimiz\/genital-estetik\/labioplasti\/\">\n                                    Labiaplasty                                    <\/a><\/h4><a href=\"\/en\/hizmetlerimiz\/genital-estetik\/labioplasti\/\" class=\"sc_icons_item_more_link\">\n                        <span class=\"link_text\">More information<\/span><span class=\"link_icon\"><\/span>\n                        <\/a><a href=\"\/en\/hizmetlerimiz\/genital-estetik\/labioplasti\/\"\n                        class=\"sc_icons_item_link\">\n                        <\/a><\/div><\/div><\/div><div class=\"trx_addons_column-1_3 trx_addons_column-1_4-tablet trx_addons_column-1_2-mobile\"><div class=\"sc_icons_item sc_icons_item_linked with_more\"><div class=\"sc_icons_icon sc_icon_type_ icon-033-scalpel\" style=\"color: #1C9DD9\" ><span class=\"sc_icon_type_ icon-033-scalpel\" style=\"color: #1C9DD9\"><\/span><\/div><div class=\"sc_icons_item_details\"><h4 class=\"sc_icons_item_title\"><a href=\"\/en\/hizmetlerimiz\/genital-estetik\/vajina-daraltma\/\">\n                                    Vagina Tightening                                    <\/a><\/h4><a href=\"\/en\/hizmetlerimiz\/genital-estetik\/vajina-daraltma\/\" class=\"sc_icons_item_more_link\">\n                        <span class=\"link_text\">More information<\/span><span class=\"link_icon\"><\/span>\n                        <\/a><a href=\"\/en\/hizmetlerimiz\/genital-estetik\/vajina-daraltma\/\"\n                        class=\"sc_icons_item_link\">\n                        <\/a><\/div><\/div><\/div><div class=\"trx_addons_column-1_3 trx_addons_column-1_4-tablet trx_addons_column-1_2-mobile\"><div class=\"sc_icons_item sc_icons_item_linked with_more\"><div class=\"sc_icons_icon sc_icon_type_ icon-tencent-weibo\" style=\"color: #1C9DD9\" ><span class=\"sc_icon_type_ icon-tencent-weibo\" style=\"color: #1C9DD9\"><\/span><\/div><div class=\"sc_icons_item_details\"><h4 class=\"sc_icons_item_title\"><a href=\"\/en\/hizmetlerimiz\/genital-estetik\/lazerle-vajina-daraltma\/\">\n                                    Laser Vagina Tightening                                    <\/a><\/h4><a href=\"\/en\/hizmetlerimiz\/genital-estetik\/lazerle-vajina-daraltma\/\" class=\"sc_icons_item_more_link\">\n                        <span class=\"link_text\">More information<\/span><span class=\"link_icon\"><\/span>\n                        <\/a><a href=\"\/en\/hizmetlerimiz\/genital-estetik\/lazerle-vajina-daraltma\/\"\n                        class=\"sc_icons_item_link\">\n                        <\/a><\/div><\/div><\/div><div class=\"trx_addons_column-1_3 trx_addons_column-1_4-tablet trx_addons_column-1_2-mobile\"><div class=\"sc_icons_item sc_icons_item_linked with_more\"><div class=\"sc_icons_icon sc_icon_type_ icon-shareable\" style=\"color: #1C9DD9\" ><span class=\"sc_icon_type_ icon-shareable\" style=\"color: #1C9DD9\"><\/span><\/div><div class=\"sc_icons_item_details\"><h4 class=\"sc_icons_item_title\"><a href=\"\/en\/hizmetlerimiz\/genital-estetik\/klitoris-estetigi\/\">\n                                    Clitoris Aesthetics                                    <\/a><\/h4><a href=\"\/en\/hizmetlerimiz\/genital-estetik\/klitoris-estetigi\/\" class=\"sc_icons_item_more_link\">\n                        <span class=\"link_text\">More information<\/span><span class=\"link_icon\"><\/span>\n                        <\/a><a href=\"\/en\/hizmetlerimiz\/genital-estetik\/klitoris-estetigi\/\"\n                        class=\"sc_icons_item_link\">\n                        <\/a><\/div><\/div><\/div><div class=\"trx_addons_column-1_3 trx_addons_column-1_4-tablet trx_addons_column-1_2-mobile\"><div class=\"sc_icons_item sc_icons_item_linked with_more\"><div class=\"sc_icons_icon sc_icon_type_ icon-summer\" style=\"color: #1C9DD9\" ><span class=\"sc_icon_type_ icon-summer\" style=\"color: #1C9DD9\"><\/span><\/div><div class=\"sc_icons_item_details\"><h4 class=\"sc_icons_item_title\"><a href=\"\/en\/hizmetlerimiz\/genital-estetik\/perine-estetigi-perineoplasti\/\">\n                                    Perineal Aesthetics                                    <\/a><\/h4><a href=\"\/en\/hizmetlerimiz\/genital-estetik\/perine-estetigi-perineoplasti\/\" class=\"sc_icons_item_more_link\">\n                        <span class=\"link_text\">More information<\/span><span class=\"link_icon\"><\/span>\n                        <\/a><a href=\"\/en\/hizmetlerimiz\/genital-estetik\/perine-estetigi-perineoplasti\/\"\n                        class=\"sc_icons_item_link\">\n                        <\/a><\/div><\/div><\/div><div class=\"trx_addons_column-1_3 trx_addons_column-1_4-tablet trx_addons_column-1_2-mobile\"><div class=\"sc_icons_item sc_icons_item_linked with_more\"><div class=\"sc_icons_icon sc_icon_type_ icon-share-1\" style=\"color: #1C9DD9\" ><span class=\"sc_icon_type_ icon-share-1\" style=\"color: #1C9DD9\"><\/span><\/div><div class=\"sc_icons_item_details\"><h4 class=\"sc_icons_item_title\"><a href=\"\/en\/hizmetlerimiz\/genital-estetik\/genital-bolge-renk-acma-tedavileri\/\">\n                                    Genital area color lightening with laser                                    <\/a><\/h4><a href=\"\/en\/hizmetlerimiz\/genital-estetik\/genital-bolge-renk-acma-tedavileri\/\" class=\"sc_icons_item_more_link\">\n                        <span class=\"link_text\">More information<\/span><span class=\"link_icon\"><\/span>\n                        <\/a><a href=\"\/en\/hizmetlerimiz\/genital-estetik\/genital-bolge-renk-acma-tedavileri\/\"\n                        class=\"sc_icons_item_link\">\n                        <\/a><\/div><\/div><\/div><div class=\"trx_addons_column-1_3 trx_addons_column-1_4-tablet trx_addons_column-1_2-mobile\"><div class=\"sc_icons_item sc_icons_item_linked with_more\"><div class=\"sc_icons_icon sc_icon_type_ icon-019-injection\" style=\"color: #1C9DD9\" ><span class=\"sc_icon_type_ icon-019-injection\" style=\"color: #1C9DD9\"><\/span><\/div><div class=\"sc_icons_item_details\"><h4 class=\"sc_icons_item_title\"><a href=\"\/en\/hizmetlerimiz\/genital-estetik\/genital-bolge-dolgu-uygulamalari\/\">\n                                    Genital area filling applications                                    <\/a><\/h4><a href=\"\/en\/hizmetlerimiz\/genital-estetik\/genital-bolge-dolgu-uygulamalari\/\" class=\"sc_icons_item_more_link\">\n                        <span class=\"link_text\">More information<\/span><span class=\"link_icon\"><\/span>\n                        <\/a><a href=\"\/en\/hizmetlerimiz\/genital-estetik\/genital-bolge-dolgu-uygulamalari\/\"\n                        class=\"sc_icons_item_link\">\n                        <\/a><\/div><\/div><\/div><div class=\"trx_addons_column-1_3 trx_addons_column-1_4-tablet trx_addons_column-1_2-mobile\"><div class=\"sc_icons_item sc_icons_item_linked with_more\"><div class=\"sc_icons_icon sc_icon_type_ icon-009-theater-masks\" style=\"color: #1C9DD9\" ><span class=\"sc_icon_type_ icon-009-theater-masks\" style=\"color: #1C9DD9\"><\/span><\/div><div class=\"sc_icons_item_details\"><h4 class=\"sc_icons_item_title\"><a href=\"\/en\/hizmetlerimiz\/genital-estetik\/buyuk-dudak-estetigi\/\">\n                                    Labial Hypertrophy Aesthetics(enlarged vaginal lips)                                    <\/a><\/h4><a href=\"\/en\/hizmetlerimiz\/genital-estetik\/buyuk-dudak-estetigi\/\" class=\"sc_icons_item_more_link\">\n                        <span class=\"link_text\">More information<\/span><span class=\"link_icon\"><\/span>\n                        <\/a><a href=\"\/en\/hizmetlerimiz\/genital-estetik\/buyuk-dudak-estetigi\/\"\n                        class=\"sc_icons_item_link\">\n                        <\/a><\/div><\/div><\/div><div class=\"trx_addons_column-1_3 trx_addons_column-1_4-tablet trx_addons_column-1_2-mobile\"><div class=\"sc_icons_item sc_icons_item_linked with_more\"><div class=\"sc_icons_icon sc_icon_type_ icon-donation\" style=\"color: #1C9DD9\" ><span class=\"sc_icon_type_ icon-donation\" style=\"color: #1C9DD9\"><\/span><\/div><div class=\"sc_icons_item_details\"><h4 class=\"sc_icons_item_title\"><a href=\"\/en\/hizmetlerimiz\/genital-estetik\/mons-pubis-estetigi\/\">\n                                    Mons Pubis Aesthetics                                    <\/a><\/h4><a href=\"\/en\/hizmetlerimiz\/genital-estetik\/mons-pubis-estetigi\/\" class=\"sc_icons_item_more_link\">\n                        <span class=\"link_text\">More information<\/span><span class=\"link_icon\"><\/span>\n                        <\/a><a href=\"\/en\/hizmetlerimiz\/genital-estetik\/mons-pubis-estetigi\/\"\n                        class=\"sc_icons_item_link\">\n                        <\/a><\/div><\/div><\/div><\/div><\/div><!-- \/.sc_icons -->\t\t\t\t<\/div>\n\t\t\t\t<\/div>\n\t\t\t\t\t<\/div>\n\t\t<\/div>\n\t\t\t\t\t<\/div>\n\t\t<\/section>\n\t\t\t\t<\/div>","protected":false},"excerpt":{"rendered":"<p>Labioplasti Detayl\u0131 Bilgi Vajina Daraltma Detayl\u0131 Bilgi Lazerle Vajina Daraltma Detayl\u0131 Bilgi Klitoris Esteti\u011fi Detayl\u0131&hellip;<\/p>","protected":false},"author":16,"featured_media":0,"parent":3927,"menu_order":0,"comment_status":"closed","ping_status":"closed","template":"","meta":{"footnotes":""},"class_list":["post-22915","page","type-page","status-publish","hentry"],"yoast_head":"<!-- This site is optimized with the Yoast SEO plugin v23.6 - https:\/\/yoast.com\/wordpress\/plugins\/seo\/ -->\n<title>Genital estetik - Op. Dr. Ceren Katar Y\u0131ld\u0131r\u0131m<\/title>\n<meta name=\"robots\" content=\"index, follow, max-snippet:-1, max-image-preview:large, max-video-preview:-1\" \/>\n<link rel=\"canonical\" href=\"https:\/\/cerenkataryildirim.com\/en\/hizmetlerimiz\/genital-estetik\/\" \/>\n<meta property=\"og:locale\" content=\"en_US\" \/>\n<meta property=\"og:type\" content=\"article\" \/>\n<meta property=\"og:title\" content=\"Genital estetik - Op. Dr. Ceren Katar Y\u0131ld\u0131r\u0131m\" \/>\n<meta property=\"og:description\" content=\"Labioplasti Detayl\u0131 Bilgi Vajina Daraltma Detayl\u0131 Bilgi Lazerle Vajina Daraltma Detayl\u0131 Bilgi Klitoris Esteti\u011fi Detayl\u0131&hellip;\" \/>\n<meta property=\"og:url\" content=\"https:\/\/cerenkataryildirim.com\/en\/hizmetlerimiz\/genital-estetik\/\" \/>\n<meta property=\"og:site_name\" content=\"Op. Dr. Ceren Katar Y\u0131ld\u0131r\u0131m\" \/>\n<meta property=\"article:modified_time\" content=\"2023-03-05T15:19:47+00:00\" \/>\n<meta property=\"og:image\" content=\"https:\/\/cerenkataryildirim.com\/wp-content\/uploads\/2023\/01\/Ceren-Katar-Yildirim-Logo-r2.png\" \/>\n\t<meta property=\"og:image:width\" content=\"1064\" \/>\n\t<meta property=\"og:image:height\" content=\"377\" \/>\n\t<meta property=\"og:image:type\" content=\"image\/png\" \/>\n<meta name=\"twitter:card\" content=\"summary_large_image\" \/>\n<script type=\"application\/ld+json\" class=\"yoast-schema-graph\">{\"@context\":\"https:\/\/schema.org\",\"@graph\":[{\"@type\":\"WebPage\",\"@id\":\"https:\/\/cerenkataryildirim.com\/hizmetlerimiz\/genital-estetik\/\",\"url\":\"https:\/\/cerenkataryildirim.com\/hizmetlerimiz\/genital-estetik\/\",\"name\":\"Genital estetik - Op. Dr. Ceren Katar Y\u0131ld\u0131r\u0131m\",\"isPartOf\":{\"@id\":\"https:\/\/cerenkataryildirim.com\/#website\"},\"datePublished\":\"2023-01-19T16:24:40+00:00\",\"dateModified\":\"2023-03-05T15:19:47+00:00\",\"breadcrumb\":{\"@id\":\"https:\/\/cerenkataryildirim.com\/hizmetlerimiz\/genital-estetik\/#breadcrumb\"},\"inLanguage\":\"en-US\",\"potentialAction\":[{\"@type\":\"ReadAction\",\"target\":[\"https:\/\/cerenkataryildirim.com\/hizmetlerimiz\/genital-estetik\/\"]}]},{\"@type\":\"BreadcrumbList\",\"@id\":\"https:\/\/cerenkataryildirim.com\/hizmetlerimiz\/genital-estetik\/#breadcrumb\",\"itemListElement\":[{\"@type\":\"ListItem\",\"position\":1,\"name\":\"Anasayfa\",\"item\":\"https:\/\/cerenkataryildirim.com\/\"},{\"@type\":\"ListItem\",\"position\":2,\"name\":\"Hizmetlerimiz\",\"item\":\"https:\/\/cerenkataryildirim.com\/hizmetlerimiz\/\"},{\"@type\":\"ListItem\",\"position\":3,\"name\":\"Genital estetik\"}]},{\"@type\":\"WebSite\",\"@id\":\"https:\/\/cerenkataryildirim.com\/#website\",\"url\":\"https:\/\/cerenkataryildirim.com\/\",\"name\":\"Op. Dr. Ceren Katar Y\u0131ld\u0131r\u0131m\",\"description\":\"Kad\u0131n Hastal\u0131klar\u0131 ve Do\u011fum Uzman\u0131\",\"publisher\":{\"@id\":\"https:\/\/cerenkataryildirim.com\/#organization\"},\"potentialAction\":[{\"@type\":\"SearchAction\",\"target\":{\"@type\":\"EntryPoint\",\"urlTemplate\":\"https:\/\/cerenkataryildirim.com\/?s={search_term_string}\"},\"query-input\":{\"@type\":\"PropertyValueSpecification\",\"valueRequired\":true,\"valueName\":\"search_term_string\"}}],\"inLanguage\":\"en-US\"},{\"@type\":\"Organization\",\"@id\":\"https:\/\/cerenkataryildirim.com\/#organization\",\"name\":\"Op. Dr. Ceren Katar Y\u0131ld\u0131r\u0131m\",\"url\":\"https:\/\/cerenkataryildirim.com\/\",\"logo\":{\"@type\":\"ImageObject\",\"inLanguage\":\"en-US\",\"@id\":\"https:\/\/cerenkataryildirim.com\/#\/schema\/logo\/image\/\",\"url\":\"https:\/\/cerenkataryildirim.com\/wp-content\/uploads\/2023\/01\/Ceren-Katar-Yildirim-Logo-r2.png\",\"contentUrl\":\"https:\/\/cerenkataryildirim.com\/wp-content\/uploads\/2023\/01\/Ceren-Katar-Yildirim-Logo-r2.png\",\"width\":1064,\"height\":377,\"caption\":\"Op. Dr. Ceren Katar Y\u0131ld\u0131r\u0131m\"},\"image\":{\"@id\":\"https:\/\/cerenkataryildirim.com\/#\/schema\/logo\/image\/\"},\"sameAs\":[\"https:\/\/www.instagram.com\/op.dr.cerenkataryildirim\"]}]}<\/script>\n<!-- \/ Yoast SEO plugin. -->","yoast_head_json":{"title":"Genital Aesthetics - Op. Dr. Ceren Katar Y\u0131ld\u0131r\u0131m","robots":{"index":"index","follow":"follow","max-snippet":"max-snippet:-1","max-image-preview":"max-image-preview:large","max-video-preview":"max-video-preview:-1"},"canonical":"https:\/\/cerenkataryildirim.com\/en\/hizmetlerimiz\/genital-estetik\/","og_locale":"en_US","og_type":"article","og_title":"Genital estetik - Op. Dr. Ceren Katar Y\u0131ld\u0131r\u0131m","og_description":"Labioplasti Detayl\u0131 Bilgi Vajina Daraltma Detayl\u0131 Bilgi Lazerle Vajina Daraltma Detayl\u0131 Bilgi Klitoris Esteti\u011fi Detayl\u0131&hellip;","og_url":"https:\/\/cerenkataryildirim.com\/en\/hizmetlerimiz\/genital-estetik\/","og_site_name":"Op. Dr. Ceren Katar Y\u0131ld\u0131r\u0131m","article_modified_time":"2023-03-05T15:19:47+00:00","og_image":[{"width":1064,"height":377,"url":"https:\/\/cerenkataryildirim.com\/wp-content\/uploads\/2023\/01\/Ceren-Katar-Yildirim-Logo-r2.png","type":"image\/png"}],"twitter_card":"summary_large_image","schema":{"@context":"https:\/\/schema.org","@graph":[{"@type":"WebPage","@id":"https:\/\/cerenkataryildirim.com\/hizmetlerimiz\/genital-estetik\/","url":"https:\/\/cerenkataryildirim.com\/hizmetlerimiz\/genital-estetik\/","name":"Genital Aesthetics - Op. Dr. Ceren Katar Y\u0131ld\u0131r\u0131m","isPartOf":{"@id":"https:\/\/cerenkataryildirim.com\/#website"},"datePublished":"2023-01-19T16:24:40+00:00","dateModified":"2023-03-05T15:19:47+00:00","breadcrumb":{"@id":"https:\/\/cerenkataryildirim.com\/hizmetlerimiz\/genital-estetik\/#breadcrumb"},"inLanguage":"en-US","potentialAction":[{"@type":"ReadAction","target":["https:\/\/cerenkataryildirim.com\/hizmetlerimiz\/genital-estetik\/"]}]},{"@type":"BreadcrumbList","@id":"https:\/\/cerenkataryildirim.com\/hizmetlerimiz\/genital-estetik\/#breadcrumb","itemListElement":[{"@type":"ListItem","position":1,"name":"Anasayfa","item":"https:\/\/cerenkataryildirim.com\/"},{"@type":"ListItem","position":2,"name":"Hizmetlerimiz","item":"https:\/\/cerenkataryildirim.com\/hizmetlerimiz\/"},{"@type":"ListItem","position":3,"name":"Genital estetik"}]},{"@type":"WebSite","@id":"https:\/\/cerenkataryildirim.com\/#website","url":"https:\/\/cerenkataryildirim.com\/","name":"Op. Dr. Ceren Katar Y\u0131ld\u0131r\u0131m","description":"Kad\u0131n Hastal\u0131klar\u0131 ve Do\u011fum Uzman\u0131","publisher":{"@id":"https:\/\/cerenkataryildirim.com\/#organization"},"potentialAction":[{"@type":"SearchAction","target":{"@type":"EntryPoint","urlTemplate":"https:\/\/cerenkataryildirim.com\/?s={search_term_string}"},"query-input":{"@type":"PropertyValueSpecification","valueRequired":true,"valueName":"search_term_string"}}],"inLanguage":"en-US"},{"@type":"Organization","@id":"https:\/\/cerenkataryildirim.com\/#organization","name":"Op. Dr. Ceren Katar Y\u0131ld\u0131r\u0131m","url":"https:\/\/cerenkataryildirim.com\/","logo":{"@type":"ImageObject","inLanguage":"en-US","@id":"https:\/\/cerenkataryildirim.com\/#\/schema\/logo\/image\/","url":"https:\/\/cerenkataryildirim.com\/wp-content\/uploads\/2023\/01\/Ceren-Katar-Yildirim-Logo-r2.png","contentUrl":"https:\/\/cerenkataryildirim.com\/wp-content\/uploads\/2023\/01\/Ceren-Katar-Yildirim-Logo-r2.png","width":1064,"height":377,"caption":"Op. Dr. Ceren Katar Y\u0131ld\u0131r\u0131m"},"image":{"@id":"https:\/\/cerenkataryildirim.com\/#\/schema\/logo\/image\/"},"sameAs":["https:\/\/www.instagram.com\/op.dr.cerenkataryildirim"]}]}},"_links":{"self":[{"href":"https:\/\/cerenkataryildirim.com\/en\/wp-json\/wp\/v2\/pages\/22915","targetHints":{"allow":["GET"]}}],"collection":[{"href":"https:\/\/cerenkataryildirim.com\/en\/wp-json\/wp\/v2\/pages"}],"about":[{"href":"https:\/\/cerenkataryildirim.com\/en\/wp-json\/wp\/v2\/types\/page"}],"author":[{"embeddable":true,"href":"https:\/\/cerenkataryildirim.com\/en\/wp-json\/wp\/v2\/users\/16"}],"replies":[{"embeddable":true,"href":"https:\/\/cerenkataryildirim.com\/en\/wp-json\/wp\/v2\/comments?post=22915"}],"version-history":[{"count":20,"href":"https:\/\/cerenkataryildirim.com\/en\/wp-json\/wp\/v2\/pages\/22915\/revisions"}],"predecessor-version":[{"id":23930,"href":"https:\/\/cerenkataryildirim.com\/en\/wp-json\/wp\/v2\/pages\/22915\/revisions\/23930"}],"up":[{"embeddable":true,"href":"https:\/\/cerenkataryildirim.com\/en\/wp-json\/wp\/v2\/pages\/3927"}],"wp:attachment":[{"href":"https:\/\/cerenkataryildirim.com\/en\/wp-json\/wp\/v2\/media?parent=22915"}],"curies":[{"name":"wp","href":"https:\/\/api.w.org\/{rel}","templated":true}]}}