{"id":22916,"date":"2023-01-19T19:24:44","date_gmt":"2023-01-19T16:24:44","guid":{"rendered":"https:\/\/cerenkataryildirim.com\/?page_id=22916"},"modified":"2023-03-05T18:11:46","modified_gmt":"2023-03-05T15:11:46","slug":"jinekoloji","status":"publish","type":"page","link":"https:\/\/cerenkataryildirim.com\/en\/ourservices\/gynecology\/","title":{"rendered":"Gynecology"},"content":{"rendered":"<div data-elementor-type=\"wp-page\" data-elementor-id=\"22916\" class=\"elementor elementor-22916\" data-elementor-post-type=\"page\">\n\t\t\t\t\t\t<section class=\"elementor-section elementor-top-section elementor-element elementor-element-534edbef scheme_default elementor-section-boxed elementor-section-height-default elementor-section-height-default sc_fly_static\" data-id=\"534edbef\" data-element_type=\"section\" data-settings=\"{&quot;background_background&quot;:&quot;classic&quot;}\">\n\t\t\t\t\t\t<div class=\"elementor-container elementor-column-gap-extended\">\n\t\t\t\t\t<div class=\"elementor-column elementor-col-100 elementor-top-column elementor-element elementor-element-74e046a1 sc_inner_width_none sc_content_align_inherit sc_layouts_column_icons_position_left sc_fly_static\" data-id=\"74e046a1\" data-element_type=\"column\">\n\t\t\t<div class=\"elementor-widget-wrap elementor-element-populated\">\n\t\t\t\t\t\t<div class=\"elementor-element elementor-element-6cb9fe32 sc_height_small sc_fly_static elementor-widget elementor-widget-spacer\" data-id=\"6cb9fe32\" data-element_type=\"widget\" data-widget_type=\"spacer.default\">\n\t\t\t\t<div class=\"elementor-widget-container\">\n\t\t\t\t\t\t\t<div class=\"elementor-spacer\">\n\t\t\t<div class=\"elementor-spacer-inner\"><\/div>\n\t\t<\/div>\n\t\t\t\t\t\t<\/div>\n\t\t\t\t<\/div>\n\t\t\t\t<section class=\"elementor-section elementor-inner-section elementor-element elementor-element-13f343f9 elementor-section-content-middle elementor-section-boxed elementor-section-height-default elementor-section-height-default sc_fly_static\" data-id=\"13f343f9\" data-element_type=\"section\">\n\t\t\t\t\t\t<div class=\"elementor-container elementor-column-gap-no\">\n\t\t\t\t\t<div class=\"elementor-column elementor-col-100 elementor-inner-column elementor-element elementor-element-6c1da67f sc_inner_width_none sc_content_align_inherit sc_layouts_column_icons_position_left sc_fly_static\" data-id=\"6c1da67f\" data-element_type=\"column\">\n\t\t\t<div class=\"elementor-widget-wrap elementor-element-populated\">\n\t\t\t\t\t\t<div class=\"elementor-element elementor-element-aa1d3e2 sc_fly_static elementor-widget elementor-widget-theme-site-title elementor-widget-heading\" data-id=\"aa1d3e2\" data-element_type=\"widget\" data-widget_type=\"theme-site-title.default\">\n\t\t\t\t<div class=\"elementor-widget-container\">\n\t\t\t\t\t<h6 class=\"elementor-heading-title elementor-size-default\"><a href=\"https:\/\/cerenkataryildirim.com\/en\">Op. Dr. Ceren Katar Y\u0131ld\u0131r\u0131m<\/a><\/h6>\t\t\t\t<\/div>\n\t\t\t\t<\/div>\n\t\t\t\t\t<\/div>\n\t\t<\/div>\n\t\t\t\t\t<\/div>\n\t\t<\/section>\n\t\t\t\t\t<\/div>\n\t\t<\/div>\n\t\t\t\t\t<\/div>\n\t\t<\/section>\n\t\t\t\t<section class=\"elementor-section elementor-top-section elementor-element elementor-element-3712c6d scheme_default elementor-section-content-middle elementor-section-boxed elementor-section-height-default elementor-section-height-default sc_fly_static\" data-id=\"3712c6d\" data-element_type=\"section\" data-settings=\"{&quot;background_background&quot;:&quot;classic&quot;}\">\n\t\t\t\t\t\t<div class=\"elementor-container elementor-column-gap-no\">\n\t\t\t\t\t<div class=\"elementor-column elementor-col-100 elementor-top-column elementor-element elementor-element-b42488d sc_inner_width_none sc_content_align_inherit sc_layouts_column_icons_position_left sc_fly_static\" data-id=\"b42488d\" data-element_type=\"column\" data-settings=\"{&quot;background_background&quot;:&quot;classic&quot;}\">\n\t\t\t<div class=\"elementor-widget-wrap elementor-element-populated\">\n\t\t\t\t\t\t<div class=\"elementor-element elementor-element-96e527f sc_fly_static elementor-widget elementor-widget-trx_sc_icons\" data-id=\"96e527f\" data-element_type=\"widget\" data-widget_type=\"trx_sc_icons.default\">\n\t\t\t\t<div class=\"elementor-widget-container\">\n\t\t\t\t\t<div \tclass=\"sc_icons color_style_dark sc_icons_accent2 sc_icons_size_medium sc_align_left\" ><div class=\"sc_icons_columns_wrap sc_item_columns trx_addons_columns_wrap columns_padding_bottom columns_in_single_row\" ><div class=\"trx_addons_column-1_3 trx_addons_column-1_3-tablet trx_addons_column-1_2-mobile\"><div class=\"sc_icons_item sc_icons_item_linked with_more\"><div class=\"sc_icons_icon sc_icon_type_ icon-040-microscope\" style=\"color: #1C9DD9\" ><span class=\"sc_icon_type_ icon-040-microscope\" style=\"color: #1C9DD9\"><\/span><\/div><div class=\"sc_icons_item_details\"><h4 class=\"sc_icons_item_title\"><a href=\"\/en\/hizmetlerimiz\/jinekoloji\/liken-skleroz\/\">\n                                    Lichen Sclerosis                                    <\/a><\/h4><a href=\"\/en\/hizmetlerimiz\/jinekoloji\/liken-skleroz\/\" class=\"sc_icons_item_more_link\">\n                        <span class=\"link_text\">More information<\/span><span class=\"link_icon\"><\/span>\n                        <\/a><a href=\"\/en\/hizmetlerimiz\/jinekoloji\/liken-skleroz\/\"\n                        class=\"sc_icons_item_link\">\n                        <\/a><\/div><\/div><\/div><div class=\"trx_addons_column-1_3 trx_addons_column-1_3-tablet trx_addons_column-1_2-mobile\"><div class=\"sc_icons_item sc_icons_item_linked with_more\"><div class=\"sc_icons_icon sc_icon_type_ icon-med-antivirus\" style=\"color: #1C9DD9\" ><span class=\"sc_icon_type_ icon-med-antivirus\" style=\"color: #1C9DD9\"><\/span><\/div><div class=\"sc_icons_item_details\"><h4 class=\"sc_icons_item_title\"><a href=\"\/en\/hizmetlerimiz\/jinekoloji\/sik-tekrarlayan-vajinal-mantar-enfeksiyonu\/\">\n                                    Frequent Recurrent Vaginal Yeast Infection                                    <\/a><\/h4><a href=\"\/en\/hizmetlerimiz\/jinekoloji\/sik-tekrarlayan-vajinal-mantar-enfeksiyonu\/\" class=\"sc_icons_item_more_link\">\n                        <span class=\"link_text\">More information<\/span><span class=\"link_icon\"><\/span>\n                        <\/a><a href=\"\/en\/hizmetlerimiz\/jinekoloji\/sik-tekrarlayan-vajinal-mantar-enfeksiyonu\/\"\n                        class=\"sc_icons_item_link\">\n                        <\/a><\/div><\/div><\/div><div class=\"trx_addons_column-1_3 trx_addons_column-1_3-tablet trx_addons_column-1_2-mobile\"><div class=\"sc_icons_item sc_icons_item_linked with_more\"><div class=\"sc_icons_icon sc_icon_type_ icon-012-health-care\" style=\"color: #1C9DD9\" ><span class=\"sc_icon_type_ icon-012-health-care\" style=\"color: #1C9DD9\"><\/span><\/div><div class=\"sc_icons_item_details\"><h4 class=\"sc_icons_item_title\"><a href=\"\/en\/hizmetlerimiz\/jinekoloji\/diger-islemler\/\">\n                                    Other Operations                                    <\/a><\/h4><a href=\"\/en\/hizmetlerimiz\/jinekoloji\/diger-islemler\/\" class=\"sc_icons_item_more_link\">\n                        <span class=\"link_text\">More information<\/span><span class=\"link_icon\"><\/span>\n                        <\/a><a href=\"\/en\/hizmetlerimiz\/jinekoloji\/diger-islemler\/\"\n                        class=\"sc_icons_item_link\">\n                        <\/a><\/div><\/div><\/div><\/div><\/div><!-- \/.sc_icons -->\t\t\t\t<\/div>\n\t\t\t\t<\/div>\n\t\t\t\t\t<\/div>\n\t\t<\/div>\n\t\t\t\t\t<\/div>\n\t\t<\/section>\n\t\t\t\t<\/div>","protected":false},"excerpt":{"rendered":"<p>Liken Skleroz Detayl\u0131 Bilgi S\u0131k Tekrarlayan Vajinal Mantar Enfeksiyonu Detayl\u0131 Bilgi Di\u011fer \u0130\u015flemler Detayl\u0131 Bilgi<\/p>","protected":false},"author":16,"featured_media":0,"parent":3927,"menu_order":0,"comment_status":"closed","ping_status":"closed","template":"","meta":{"footnotes":""},"class_list":["post-22916","page","type-page","status-publish","hentry"],"yoast_head":"<!-- This site is optimized with the Yoast SEO plugin v23.6 - https:\/\/yoast.com\/wordpress\/plugins\/seo\/ -->\n<title>Jinekoloji - Op. Dr. Ceren Katar Y\u0131ld\u0131r\u0131m<\/title>\n<meta name=\"robots\" content=\"index, follow, max-snippet:-1, max-image-preview:large, max-video-preview:-1\" \/>\n<link rel=\"canonical\" href=\"https:\/\/cerenkataryildirim.com\/en\/ourservices\/gynecology\/\" \/>\n<meta property=\"og:locale\" content=\"en_US\" \/>\n<meta property=\"og:type\" content=\"article\" \/>\n<meta property=\"og:title\" content=\"Jinekoloji - Op. Dr. Ceren Katar Y\u0131ld\u0131r\u0131m\" \/>\n<meta property=\"og:description\" content=\"Liken Skleroz Detayl\u0131 Bilgi S\u0131k Tekrarlayan Vajinal Mantar Enfeksiyonu Detayl\u0131 Bilgi Di\u011fer \u0130\u015flemler Detayl\u0131 Bilgi\" \/>\n<meta property=\"og:url\" content=\"https:\/\/cerenkataryildirim.com\/en\/ourservices\/gynecology\/\" \/>\n<meta property=\"og:site_name\" content=\"Op. Dr. Ceren Katar Y\u0131ld\u0131r\u0131m\" \/>\n<meta property=\"article:modified_time\" content=\"2023-03-05T15:11:46+00:00\" \/>\n<meta property=\"og:image\" content=\"https:\/\/cerenkataryildirim.com\/wp-content\/uploads\/2023\/01\/Ceren-Katar-Yildirim-Logo-r2.png\" \/>\n\t<meta property=\"og:image:width\" content=\"1064\" \/>\n\t<meta property=\"og:image:height\" content=\"377\" \/>\n\t<meta property=\"og:image:type\" content=\"image\/png\" \/>\n<meta name=\"twitter:card\" content=\"summary_large_image\" \/>\n<script type=\"application\/ld+json\" class=\"yoast-schema-graph\">{\"@context\":\"https:\/\/schema.org\",\"@graph\":[{\"@type\":\"WebPage\",\"@id\":\"https:\/\/cerenkataryildirim.com\/en\/ourservices\/gynecology\/\",\"url\":\"https:\/\/cerenkataryildirim.com\/en\/ourservices\/gynecology\/\",\"name\":\"Jinekoloji - Op. Dr. Ceren Katar Y\u0131ld\u0131r\u0131m\",\"isPartOf\":{\"@id\":\"https:\/\/cerenkataryildirim.com\/#website\"},\"datePublished\":\"2023-01-19T16:24:44+00:00\",\"dateModified\":\"2023-03-05T15:11:46+00:00\",\"breadcrumb\":{\"@id\":\"https:\/\/cerenkataryildirim.com\/en\/ourservices\/gynecology\/#breadcrumb\"},\"inLanguage\":\"en-US\",\"potentialAction\":[{\"@type\":\"ReadAction\",\"target\":[\"https:\/\/cerenkataryildirim.com\/en\/ourservices\/gynecology\/\"]}]},{\"@type\":\"BreadcrumbList\",\"@id\":\"https:\/\/cerenkataryildirim.com\/en\/ourservices\/gynecology\/#breadcrumb\",\"itemListElement\":[{\"@type\":\"ListItem\",\"position\":1,\"name\":\"Anasayfa\",\"item\":\"https:\/\/cerenkataryildirim.com\/\"},{\"@type\":\"ListItem\",\"position\":2,\"name\":\"Hizmetlerimiz\",\"item\":\"https:\/\/cerenkataryildirim.com\/hizmetlerimiz\/\"},{\"@type\":\"ListItem\",\"position\":3,\"name\":\"Jinekoloji\"}]},{\"@type\":\"WebSite\",\"@id\":\"https:\/\/cerenkataryildirim.com\/#website\",\"url\":\"https:\/\/cerenkataryildirim.com\/\",\"name\":\"Op. Dr. Ceren Katar Y\u0131ld\u0131r\u0131m\",\"description\":\"Kad\u0131n Hastal\u0131klar\u0131 ve Do\u011fum Uzman\u0131\",\"publisher\":{\"@id\":\"https:\/\/cerenkataryildirim.com\/#organization\"},\"potentialAction\":[{\"@type\":\"SearchAction\",\"target\":{\"@type\":\"EntryPoint\",\"urlTemplate\":\"https:\/\/cerenkataryildirim.com\/?s={search_term_string}\"},\"query-input\":{\"@type\":\"PropertyValueSpecification\",\"valueRequired\":true,\"valueName\":\"search_term_string\"}}],\"inLanguage\":\"en-US\"},{\"@type\":\"Organization\",\"@id\":\"https:\/\/cerenkataryildirim.com\/#organization\",\"name\":\"Op. Dr. Ceren Katar Y\u0131ld\u0131r\u0131m\",\"url\":\"https:\/\/cerenkataryildirim.com\/\",\"logo\":{\"@type\":\"ImageObject\",\"inLanguage\":\"en-US\",\"@id\":\"https:\/\/cerenkataryildirim.com\/#\/schema\/logo\/image\/\",\"url\":\"https:\/\/cerenkataryildirim.com\/wp-content\/uploads\/2023\/01\/Ceren-Katar-Yildirim-Logo-r2.png\",\"contentUrl\":\"https:\/\/cerenkataryildirim.com\/wp-content\/uploads\/2023\/01\/Ceren-Katar-Yildirim-Logo-r2.png\",\"width\":1064,\"height\":377,\"caption\":\"Op. Dr. Ceren Katar Y\u0131ld\u0131r\u0131m\"},\"image\":{\"@id\":\"https:\/\/cerenkataryildirim.com\/#\/schema\/logo\/image\/\"},\"sameAs\":[\"https:\/\/www.instagram.com\/op.dr.cerenkataryildirim\"]}]}<\/script>\n<!-- \/ Yoast SEO plugin. -->","yoast_head_json":{"title":"Gynecology - Op. Dr. Ceren Katar Y\u0131ld\u0131r\u0131m","robots":{"index":"index","follow":"follow","max-snippet":"max-snippet:-1","max-image-preview":"max-image-preview:large","max-video-preview":"max-video-preview:-1"},"canonical":"https:\/\/cerenkataryildirim.com\/en\/ourservices\/gynecology\/","og_locale":"en_US","og_type":"article","og_title":"Jinekoloji - Op. Dr. Ceren Katar Y\u0131ld\u0131r\u0131m","og_description":"Liken Skleroz Detayl\u0131 Bilgi S\u0131k Tekrarlayan Vajinal Mantar Enfeksiyonu Detayl\u0131 Bilgi Di\u011fer \u0130\u015flemler Detayl\u0131 Bilgi","og_url":"https:\/\/cerenkataryildirim.com\/en\/ourservices\/gynecology\/","og_site_name":"Op. Dr. Ceren Katar Y\u0131ld\u0131r\u0131m","article_modified_time":"2023-03-05T15:11:46+00:00","og_image":[{"width":1064,"height":377,"url":"https:\/\/cerenkataryildirim.com\/wp-content\/uploads\/2023\/01\/Ceren-Katar-Yildirim-Logo-r2.png","type":"image\/png"}],"twitter_card":"summary_large_image","schema":{"@context":"https:\/\/schema.org","@graph":[{"@type":"WebPage","@id":"https:\/\/cerenkataryildirim.com\/en\/ourservices\/gynecology\/","url":"https:\/\/cerenkataryildirim.com\/en\/ourservices\/gynecology\/","name":"Gynecology - Op. Dr. Ceren Katar Y\u0131ld\u0131r\u0131m","isPartOf":{"@id":"https:\/\/cerenkataryildirim.com\/#website"},"datePublished":"2023-01-19T16:24:44+00:00","dateModified":"2023-03-05T15:11:46+00:00","breadcrumb":{"@id":"https:\/\/cerenkataryildirim.com\/en\/ourservices\/gynecology\/#breadcrumb"},"inLanguage":"en-US","potentialAction":[{"@type":"ReadAction","target":["https:\/\/cerenkataryildirim.com\/en\/ourservices\/gynecology\/"]}]},{"@type":"BreadcrumbList","@id":"https:\/\/cerenkataryildirim.com\/en\/ourservices\/gynecology\/#breadcrumb","itemListElement":[{"@type":"ListItem","position":1,"name":"Anasayfa","item":"https:\/\/cerenkataryildirim.com\/"},{"@type":"ListItem","position":2,"name":"Hizmetlerimiz","item":"https:\/\/cerenkataryildirim.com\/hizmetlerimiz\/"},{"@type":"ListItem","position":3,"name":"Jinekoloji"}]},{"@type":"WebSite","@id":"https:\/\/cerenkataryildirim.com\/#website","url":"https:\/\/cerenkataryildirim.com\/","name":"Op. Dr. Ceren Katar Y\u0131ld\u0131r\u0131m","description":"Kad\u0131n Hastal\u0131klar\u0131 ve Do\u011fum Uzman\u0131","publisher":{"@id":"https:\/\/cerenkataryildirim.com\/#organization"},"potentialAction":[{"@type":"SearchAction","target":{"@type":"EntryPoint","urlTemplate":"https:\/\/cerenkataryildirim.com\/?s={search_term_string}"},"query-input":{"@type":"PropertyValueSpecification","valueRequired":true,"valueName":"search_term_string"}}],"inLanguage":"en-US"},{"@type":"Organization","@id":"https:\/\/cerenkataryildirim.com\/#organization","name":"Op. Dr. Ceren Katar Y\u0131ld\u0131r\u0131m","url":"https:\/\/cerenkataryildirim.com\/","logo":{"@type":"ImageObject","inLanguage":"en-US","@id":"https:\/\/cerenkataryildirim.com\/#\/schema\/logo\/image\/","url":"https:\/\/cerenkataryildirim.com\/wp-content\/uploads\/2023\/01\/Ceren-Katar-Yildirim-Logo-r2.png","contentUrl":"https:\/\/cerenkataryildirim.com\/wp-content\/uploads\/2023\/01\/Ceren-Katar-Yildirim-Logo-r2.png","width":1064,"height":377,"caption":"Op. Dr. Ceren Katar Y\u0131ld\u0131r\u0131m"},"image":{"@id":"https:\/\/cerenkataryildirim.com\/#\/schema\/logo\/image\/"},"sameAs":["https:\/\/www.instagram.com\/op.dr.cerenkataryildirim"]}]}},"_links":{"self":[{"href":"https:\/\/cerenkataryildirim.com\/en\/wp-json\/wp\/v2\/pages\/22916","targetHints":{"allow":["GET"]}}],"collection":[{"href":"https:\/\/cerenkataryildirim.com\/en\/wp-json\/wp\/v2\/pages"}],"about":[{"href":"https:\/\/cerenkataryildirim.com\/en\/wp-json\/wp\/v2\/types\/page"}],"author":[{"embeddable":true,"href":"https:\/\/cerenkataryildirim.com\/en\/wp-json\/wp\/v2\/users\/16"}],"replies":[{"embeddable":true,"href":"https:\/\/cerenkataryildirim.com\/en\/wp-json\/wp\/v2\/comments?post=22916"}],"version-history":[{"count":8,"href":"https:\/\/cerenkataryildirim.com\/en\/wp-json\/wp\/v2\/pages\/22916\/revisions"}],"predecessor-version":[{"id":23940,"href":"https:\/\/cerenkataryildirim.com\/en\/wp-json\/wp\/v2\/pages\/22916\/revisions\/23940"}],"up":[{"embeddable":true,"href":"https:\/\/cerenkataryildirim.com\/en\/wp-json\/wp\/v2\/pages\/3927"}],"wp:attachment":[{"href":"https:\/\/cerenkataryildirim.com\/en\/wp-json\/wp\/v2\/media?parent=22916"}],"curies":[{"name":"wp","href":"https:\/\/api.w.org\/{rel}","templated":true}]}}