{"id":23093,"date":"2023-02-01T19:52:19","date_gmt":"2023-02-01T16:52:19","guid":{"rendered":"https:\/\/cerenkataryildirim.com\/?page_id=23093"},"modified":"2023-03-05T18:06:06","modified_gmt":"2023-03-05T15:06:06","slug":"cinsel-sorunlar-ve-tedavileri","status":"publish","type":"page","link":"https:\/\/cerenkataryildirim.com\/en\/ourservices\/sexual-problems-and-treatments\/","title":{"rendered":"Sexual Problems and Treatments"},"content":{"rendered":"<div data-elementor-type=\"wp-page\" data-elementor-id=\"23093\" class=\"elementor elementor-23093\" data-elementor-post-type=\"page\">\n\t\t\t\t\t\t<section class=\"elementor-section elementor-top-section elementor-element elementor-element-3f3b937f scheme_default elementor-section-boxed elementor-section-height-default elementor-section-height-default sc_fly_static\" data-id=\"3f3b937f\" data-element_type=\"section\" data-settings=\"{&quot;background_background&quot;:&quot;classic&quot;}\">\n\t\t\t\t\t\t<div class=\"elementor-container elementor-column-gap-extended\">\n\t\t\t\t\t<div class=\"elementor-column elementor-col-100 elementor-top-column elementor-element elementor-element-5679371b sc_inner_width_none sc_content_align_inherit sc_layouts_column_icons_position_left sc_fly_static\" data-id=\"5679371b\" data-element_type=\"column\">\n\t\t\t<div class=\"elementor-widget-wrap elementor-element-populated\">\n\t\t\t\t\t\t<section class=\"elementor-section elementor-inner-section elementor-element elementor-element-e242cd2 elementor-section-content-middle elementor-section-boxed elementor-section-height-default elementor-section-height-default sc_fly_static\" data-id=\"e242cd2\" data-element_type=\"section\">\n\t\t\t\t\t\t<div class=\"elementor-container elementor-column-gap-no\">\n\t\t\t\t\t<div class=\"elementor-column elementor-col-100 elementor-inner-column elementor-element elementor-element-2e982358 sc_inner_width_none sc_content_align_inherit sc_layouts_column_icons_position_left sc_fly_static\" data-id=\"2e982358\" data-element_type=\"column\">\n\t\t\t<div class=\"elementor-widget-wrap elementor-element-populated\">\n\t\t\t\t\t\t<div class=\"elementor-element elementor-element-125460c0 sc_fly_static elementor-widget elementor-widget-theme-site-title elementor-widget-heading\" data-id=\"125460c0\" data-element_type=\"widget\" data-widget_type=\"theme-site-title.default\">\n\t\t\t\t<div class=\"elementor-widget-container\">\n\t\t\t\t\t<h6 class=\"elementor-heading-title elementor-size-default\"><a href=\"https:\/\/cerenkataryildirim.com\/en\">Op. Dr. Ceren Katar Y\u0131ld\u0131r\u0131m<\/a><\/h6>\t\t\t\t<\/div>\n\t\t\t\t<\/div>\n\t\t\t\t\t<\/div>\n\t\t<\/div>\n\t\t\t\t\t<\/div>\n\t\t<\/section>\n\t\t\t\t\t<\/div>\n\t\t<\/div>\n\t\t\t\t\t<\/div>\n\t\t<\/section>\n\t\t\t\t<section class=\"elementor-section elementor-top-section elementor-element elementor-element-20470e60 scheme_default elementor-section-content-middle elementor-section-boxed elementor-section-height-default elementor-section-height-default sc_fly_static\" data-id=\"20470e60\" data-element_type=\"section\" data-settings=\"{&quot;background_background&quot;:&quot;classic&quot;}\">\n\t\t\t\t\t\t<div class=\"elementor-container elementor-column-gap-no\">\n\t\t\t\t\t<div class=\"elementor-column elementor-col-100 elementor-top-column elementor-element elementor-element-30820e69 sc_inner_width_none sc_content_align_inherit sc_layouts_column_icons_position_left sc_fly_static\" data-id=\"30820e69\" data-element_type=\"column\" data-settings=\"{&quot;background_background&quot;:&quot;classic&quot;}\">\n\t\t\t<div class=\"elementor-widget-wrap elementor-element-populated\">\n\t\t\t\t\t\t<div class=\"elementor-element elementor-element-ed86f64 sc_fly_static elementor-widget elementor-widget-trx_sc_icons\" data-id=\"ed86f64\" data-element_type=\"widget\" data-widget_type=\"trx_sc_icons.default\">\n\t\t\t\t<div class=\"elementor-widget-container\">\n\t\t\t\t\t<div \tclass=\"sc_icons color_style_dark sc_icons_accent2 sc_icons_size_medium sc_align_left\" ><div class=\"sc_icons_columns_wrap sc_item_columns trx_addons_columns_wrap columns_padding_bottom columns_in_single_row\" ><div class=\"trx_addons_column-1_5 trx_addons_column-1_4-tablet trx_addons_column-1_2-mobile\"><div class=\"sc_icons_item sc_icons_item_linked with_more\"><div class=\"sc_icons_icon sc_icon_type_ icon-011-first-aid-kit\" style=\"color: #1C9DD9\" ><span class=\"sc_icon_type_ icon-011-first-aid-kit\" style=\"color: #1C9DD9\"><\/span><\/div><div class=\"sc_icons_item_details\"><h4 class=\"sc_icons_item_title\"><a href=\"\/en\/hizmetlerimiz\/cinsel-sorunlar-ve-tedavileri\/cinsel-haz-tedavileri\/\">\n                                    Sexual Pleasure Treatments                                    <\/a><\/h4><a href=\"\/en\/hizmetlerimiz\/cinsel-sorunlar-ve-tedavileri\/cinsel-haz-tedavileri\/\" class=\"sc_icons_item_more_link\">\n                        <span class=\"link_text\">More information<\/span><span class=\"link_icon\"><\/span>\n                        <\/a><a href=\"\/en\/hizmetlerimiz\/cinsel-sorunlar-ve-tedavileri\/cinsel-haz-tedavileri\/\"\n                        class=\"sc_icons_item_link\">\n                        <\/a><\/div><\/div><\/div><div class=\"trx_addons_column-1_5 trx_addons_column-1_4-tablet trx_addons_column-1_2-mobile\"><div class=\"sc_icons_item sc_icons_item_linked with_more\"><div class=\"sc_icons_icon sc_icon_type_ icon-pills-bottle\" style=\"color: #1C9DD9\" ><span class=\"sc_icon_type_ icon-pills-bottle\" style=\"color: #1C9DD9\"><\/span><\/div><div class=\"sc_icons_item_details\"><h4 class=\"sc_icons_item_title\"><a href=\"\/en\/hizmetlerimiz\/cinsel-sorunlar-ve-tedavileri\/cinsel-iliskide-agri\/\">\n                                    Pain in Sexual Intercourse                                    <\/a><\/h4><a href=\"\/en\/hizmetlerimiz\/cinsel-sorunlar-ve-tedavileri\/cinsel-iliskide-agri\/\" class=\"sc_icons_item_more_link\">\n                        <span class=\"link_text\">More information<\/span><span class=\"link_icon\"><\/span>\n                        <\/a><a href=\"\/en\/hizmetlerimiz\/cinsel-sorunlar-ve-tedavileri\/cinsel-iliskide-agri\/\"\n                        class=\"sc_icons_item_link\">\n                        <\/a><\/div><\/div><\/div><div class=\"trx_addons_column-1_5 trx_addons_column-1_4-tablet trx_addons_column-1_2-mobile\"><div class=\"sc_icons_item sc_icons_item_linked with_more\"><div class=\"sc_icons_icon sc_icon_type_ icon-009-theater-masks\" style=\"color: #1C9DD9\" ><span class=\"sc_icon_type_ icon-009-theater-masks\" style=\"color: #1C9DD9\"><\/span><\/div><div class=\"sc_icons_item_details\"><h4 class=\"sc_icons_item_title\"><a href=\"\/en\/hizmetlerimiz\/cinsel-sorunlar-ve-tedavileri\/cinsel-iliskiye-girememe\/\">\n                                    Inability to have sexual intercourse                                    <\/a><\/h4><a href=\"\/en\/hizmetlerimiz\/cinsel-sorunlar-ve-tedavileri\/cinsel-iliskiye-girememe\/\" class=\"sc_icons_item_more_link\">\n                        <span class=\"link_text\">More information<\/span><span class=\"link_icon\"><\/span>\n                        <\/a><a href=\"\/en\/hizmetlerimiz\/cinsel-sorunlar-ve-tedavileri\/cinsel-iliskiye-girememe\/\"\n                        class=\"sc_icons_item_link\">\n                        <\/a><\/div><\/div><\/div><div class=\"trx_addons_column-1_5 trx_addons_column-1_4-tablet trx_addons_column-1_2-mobile\"><div class=\"sc_icons_item sc_icons_item_linked with_more\"><div class=\"sc_icons_icon sc_icon_type_ icon-019-injection\" style=\"color: #1C9DD9\" ><span class=\"sc_icon_type_ icon-019-injection\" style=\"color: #1C9DD9\"><\/span><\/div><div class=\"sc_icons_item_details\"><h4 class=\"sc_icons_item_title\"><a href=\"\/en\/hizmetlerimiz\/cinsel-sorunlar-ve-tedavileri\/vajinismus\/\">\n                                    Vaginismus                                    <\/a><\/h4><a href=\"\/en\/hizmetlerimiz\/cinsel-sorunlar-ve-tedavileri\/vajinismus\/\" class=\"sc_icons_item_more_link\">\n                        <span class=\"link_text\">More information<\/span><span class=\"link_icon\"><\/span>\n                        <\/a><a href=\"\/en\/hizmetlerimiz\/cinsel-sorunlar-ve-tedavileri\/vajinismus\/\"\n                        class=\"sc_icons_item_link\">\n                        <\/a><\/div><\/div><\/div><div class=\"trx_addons_column-1_5 trx_addons_column-1_4-tablet trx_addons_column-1_2-mobile\"><div class=\"sc_icons_item sc_icons_item_linked with_more\"><div class=\"sc_icons_icon sc_icon_type_ icon-med-antivirus\" style=\"color: #1C9DD9\" ><span class=\"sc_icon_type_ icon-med-antivirus\" style=\"color: #1C9DD9\"><\/span><\/div><div class=\"sc_icons_item_details\"><h4 class=\"sc_icons_item_title\"><a href=\"\/en\/hizmetlerimiz\/cinsel-sorunlar-ve-tedavileri\/vulvar-vestibulit-sendromu\/\">\n                                    Vulvar Vestibulitis Syndrome                                    <\/a><\/h4><a href=\"\/en\/hizmetlerimiz\/cinsel-sorunlar-ve-tedavileri\/vulvar-vestibulit-sendromu\/\" class=\"sc_icons_item_more_link\">\n                        <span class=\"link_text\">More information<\/span><span class=\"link_icon\"><\/span>\n                        <\/a><a href=\"\/en\/hizmetlerimiz\/cinsel-sorunlar-ve-tedavileri\/vulvar-vestibulit-sendromu\/\"\n                        class=\"sc_icons_item_link\">\n                        <\/a><\/div><\/div><\/div><\/div><\/div><!-- \/.sc_icons -->\t\t\t\t<\/div>\n\t\t\t\t<\/div>\n\t\t\t\t\t<\/div>\n\t\t<\/div>\n\t\t\t\t\t<\/div>\n\t\t<\/section>\n\t\t\t\t<\/div>","protected":false},"excerpt":{"rendered":"<p>Cinsel Haz Tedavileri Detayl\u0131 Bilgi Cinsel \u0130li\u015fkide A\u011fr\u0131 Detayl\u0131 Bilgi Cinsel \u0130li\u015fkiye Girememe Detayl\u0131 Bilgi&hellip;<\/p>","protected":false},"author":16,"featured_media":0,"parent":3927,"menu_order":0,"comment_status":"closed","ping_status":"closed","template":"","meta":{"footnotes":""},"class_list":["post-23093","page","type-page","status-publish","hentry"],"yoast_head":"<!-- This site is optimized with the Yoast SEO plugin v23.6 - https:\/\/yoast.com\/wordpress\/plugins\/seo\/ -->\n<title>Cinsel Sorunlar ve Tedavileri - Op. Dr. Ceren Katar Y\u0131ld\u0131r\u0131m<\/title>\n<meta name=\"robots\" content=\"index, follow, max-snippet:-1, max-image-preview:large, max-video-preview:-1\" \/>\n<link rel=\"canonical\" href=\"https:\/\/cerenkataryildirim.com\/en\/ourservices\/sexual-problems-and-treatments\/\" \/>\n<meta property=\"og:locale\" content=\"en_US\" \/>\n<meta property=\"og:type\" content=\"article\" \/>\n<meta property=\"og:title\" content=\"Cinsel Sorunlar ve Tedavileri - Op. Dr. Ceren Katar Y\u0131ld\u0131r\u0131m\" \/>\n<meta property=\"og:description\" content=\"Cinsel Haz Tedavileri Detayl\u0131 Bilgi Cinsel \u0130li\u015fkide A\u011fr\u0131 Detayl\u0131 Bilgi Cinsel \u0130li\u015fkiye Girememe Detayl\u0131 Bilgi&hellip;\" \/>\n<meta property=\"og:url\" content=\"https:\/\/cerenkataryildirim.com\/en\/ourservices\/sexual-problems-and-treatments\/\" \/>\n<meta property=\"og:site_name\" content=\"Op. Dr. Ceren Katar Y\u0131ld\u0131r\u0131m\" \/>\n<meta property=\"article:modified_time\" content=\"2023-03-05T15:06:06+00:00\" \/>\n<meta property=\"og:image\" content=\"https:\/\/cerenkataryildirim.com\/wp-content\/uploads\/2023\/01\/Ceren-Katar-Yildirim-Logo-r2.png\" \/>\n\t<meta property=\"og:image:width\" content=\"1064\" \/>\n\t<meta property=\"og:image:height\" content=\"377\" \/>\n\t<meta property=\"og:image:type\" content=\"image\/png\" \/>\n<meta name=\"twitter:card\" content=\"summary_large_image\" \/>\n<script type=\"application\/ld+json\" class=\"yoast-schema-graph\">{\"@context\":\"https:\/\/schema.org\",\"@graph\":[{\"@type\":\"WebPage\",\"@id\":\"https:\/\/cerenkataryildirim.com\/en\/ourservices\/sexual-problems-and-treatments\/\",\"url\":\"https:\/\/cerenkataryildirim.com\/en\/ourservices\/sexual-problems-and-treatments\/\",\"name\":\"Cinsel Sorunlar ve Tedavileri - Op. Dr. Ceren Katar Y\u0131ld\u0131r\u0131m\",\"isPartOf\":{\"@id\":\"https:\/\/cerenkataryildirim.com\/#website\"},\"datePublished\":\"2023-02-01T16:52:19+00:00\",\"dateModified\":\"2023-03-05T15:06:06+00:00\",\"breadcrumb\":{\"@id\":\"https:\/\/cerenkataryildirim.com\/en\/ourservices\/sexual-problems-and-treatments\/#breadcrumb\"},\"inLanguage\":\"en-US\",\"potentialAction\":[{\"@type\":\"ReadAction\",\"target\":[\"https:\/\/cerenkataryildirim.com\/en\/ourservices\/sexual-problems-and-treatments\/\"]}]},{\"@type\":\"BreadcrumbList\",\"@id\":\"https:\/\/cerenkataryildirim.com\/en\/ourservices\/sexual-problems-and-treatments\/#breadcrumb\",\"itemListElement\":[{\"@type\":\"ListItem\",\"position\":1,\"name\":\"Anasayfa\",\"item\":\"https:\/\/cerenkataryildirim.com\/\"},{\"@type\":\"ListItem\",\"position\":2,\"name\":\"Hizmetlerimiz\",\"item\":\"https:\/\/cerenkataryildirim.com\/hizmetlerimiz\/\"},{\"@type\":\"ListItem\",\"position\":3,\"name\":\"Cinsel Sorunlar ve Tedavileri\"}]},{\"@type\":\"WebSite\",\"@id\":\"https:\/\/cerenkataryildirim.com\/#website\",\"url\":\"https:\/\/cerenkataryildirim.com\/\",\"name\":\"Op. Dr. Ceren Katar Y\u0131ld\u0131r\u0131m\",\"description\":\"Kad\u0131n Hastal\u0131klar\u0131 ve Do\u011fum Uzman\u0131\",\"publisher\":{\"@id\":\"https:\/\/cerenkataryildirim.com\/#organization\"},\"potentialAction\":[{\"@type\":\"SearchAction\",\"target\":{\"@type\":\"EntryPoint\",\"urlTemplate\":\"https:\/\/cerenkataryildirim.com\/?s={search_term_string}\"},\"query-input\":{\"@type\":\"PropertyValueSpecification\",\"valueRequired\":true,\"valueName\":\"search_term_string\"}}],\"inLanguage\":\"en-US\"},{\"@type\":\"Organization\",\"@id\":\"https:\/\/cerenkataryildirim.com\/#organization\",\"name\":\"Op. Dr. Ceren Katar Y\u0131ld\u0131r\u0131m\",\"url\":\"https:\/\/cerenkataryildirim.com\/\",\"logo\":{\"@type\":\"ImageObject\",\"inLanguage\":\"en-US\",\"@id\":\"https:\/\/cerenkataryildirim.com\/#\/schema\/logo\/image\/\",\"url\":\"https:\/\/cerenkataryildirim.com\/wp-content\/uploads\/2023\/01\/Ceren-Katar-Yildirim-Logo-r2.png\",\"contentUrl\":\"https:\/\/cerenkataryildirim.com\/wp-content\/uploads\/2023\/01\/Ceren-Katar-Yildirim-Logo-r2.png\",\"width\":1064,\"height\":377,\"caption\":\"Op. Dr. Ceren Katar Y\u0131ld\u0131r\u0131m\"},\"image\":{\"@id\":\"https:\/\/cerenkataryildirim.com\/#\/schema\/logo\/image\/\"},\"sameAs\":[\"https:\/\/www.instagram.com\/op.dr.cerenkataryildirim\"]}]}<\/script>\n<!-- \/ Yoast SEO plugin. -->","yoast_head_json":{"title":"Sexual Problems and Treatments - Op. Dr. Ceren Katar Y\u0131ld\u0131r\u0131m","robots":{"index":"index","follow":"follow","max-snippet":"max-snippet:-1","max-image-preview":"max-image-preview:large","max-video-preview":"max-video-preview:-1"},"canonical":"https:\/\/cerenkataryildirim.com\/en\/ourservices\/sexual-problems-and-treatments\/","og_locale":"en_US","og_type":"article","og_title":"Cinsel Sorunlar ve Tedavileri - Op. Dr. Ceren Katar Y\u0131ld\u0131r\u0131m","og_description":"Cinsel Haz Tedavileri Detayl\u0131 Bilgi Cinsel \u0130li\u015fkide A\u011fr\u0131 Detayl\u0131 Bilgi Cinsel \u0130li\u015fkiye Girememe Detayl\u0131 Bilgi&hellip;","og_url":"https:\/\/cerenkataryildirim.com\/en\/ourservices\/sexual-problems-and-treatments\/","og_site_name":"Op. Dr. Ceren Katar Y\u0131ld\u0131r\u0131m","article_modified_time":"2023-03-05T15:06:06+00:00","og_image":[{"width":1064,"height":377,"url":"https:\/\/cerenkataryildirim.com\/wp-content\/uploads\/2023\/01\/Ceren-Katar-Yildirim-Logo-r2.png","type":"image\/png"}],"twitter_card":"summary_large_image","schema":{"@context":"https:\/\/schema.org","@graph":[{"@type":"WebPage","@id":"https:\/\/cerenkataryildirim.com\/en\/ourservices\/sexual-problems-and-treatments\/","url":"https:\/\/cerenkataryildirim.com\/en\/ourservices\/sexual-problems-and-treatments\/","name":"Sexual Problems and Treatments - Op. Dr. Ceren Katar Y\u0131ld\u0131r\u0131m","isPartOf":{"@id":"https:\/\/cerenkataryildirim.com\/#website"},"datePublished":"2023-02-01T16:52:19+00:00","dateModified":"2023-03-05T15:06:06+00:00","breadcrumb":{"@id":"https:\/\/cerenkataryildirim.com\/en\/ourservices\/sexual-problems-and-treatments\/#breadcrumb"},"inLanguage":"en-US","potentialAction":[{"@type":"ReadAction","target":["https:\/\/cerenkataryildirim.com\/en\/ourservices\/sexual-problems-and-treatments\/"]}]},{"@type":"BreadcrumbList","@id":"https:\/\/cerenkataryildirim.com\/en\/ourservices\/sexual-problems-and-treatments\/#breadcrumb","itemListElement":[{"@type":"ListItem","position":1,"name":"Anasayfa","item":"https:\/\/cerenkataryildirim.com\/"},{"@type":"ListItem","position":2,"name":"Hizmetlerimiz","item":"https:\/\/cerenkataryildirim.com\/hizmetlerimiz\/"},{"@type":"ListItem","position":3,"name":"Cinsel Sorunlar ve Tedavileri"}]},{"@type":"WebSite","@id":"https:\/\/cerenkataryildirim.com\/#website","url":"https:\/\/cerenkataryildirim.com\/","name":"Op. Dr. Ceren Katar Y\u0131ld\u0131r\u0131m","description":"Kad\u0131n Hastal\u0131klar\u0131 ve Do\u011fum Uzman\u0131","publisher":{"@id":"https:\/\/cerenkataryildirim.com\/#organization"},"potentialAction":[{"@type":"SearchAction","target":{"@type":"EntryPoint","urlTemplate":"https:\/\/cerenkataryildirim.com\/?s={search_term_string}"},"query-input":{"@type":"PropertyValueSpecification","valueRequired":true,"valueName":"search_term_string"}}],"inLanguage":"en-US"},{"@type":"Organization","@id":"https:\/\/cerenkataryildirim.com\/#organization","name":"Op. Dr. Ceren Katar Y\u0131ld\u0131r\u0131m","url":"https:\/\/cerenkataryildirim.com\/","logo":{"@type":"ImageObject","inLanguage":"en-US","@id":"https:\/\/cerenkataryildirim.com\/#\/schema\/logo\/image\/","url":"https:\/\/cerenkataryildirim.com\/wp-content\/uploads\/2023\/01\/Ceren-Katar-Yildirim-Logo-r2.png","contentUrl":"https:\/\/cerenkataryildirim.com\/wp-content\/uploads\/2023\/01\/Ceren-Katar-Yildirim-Logo-r2.png","width":1064,"height":377,"caption":"Op. Dr. Ceren Katar Y\u0131ld\u0131r\u0131m"},"image":{"@id":"https:\/\/cerenkataryildirim.com\/#\/schema\/logo\/image\/"},"sameAs":["https:\/\/www.instagram.com\/op.dr.cerenkataryildirim"]}]}},"_links":{"self":[{"href":"https:\/\/cerenkataryildirim.com\/en\/wp-json\/wp\/v2\/pages\/23093","targetHints":{"allow":["GET"]}}],"collection":[{"href":"https:\/\/cerenkataryildirim.com\/en\/wp-json\/wp\/v2\/pages"}],"about":[{"href":"https:\/\/cerenkataryildirim.com\/en\/wp-json\/wp\/v2\/types\/page"}],"author":[{"embeddable":true,"href":"https:\/\/cerenkataryildirim.com\/en\/wp-json\/wp\/v2\/users\/16"}],"replies":[{"embeddable":true,"href":"https:\/\/cerenkataryildirim.com\/en\/wp-json\/wp\/v2\/comments?post=23093"}],"version-history":[{"count":31,"href":"https:\/\/cerenkataryildirim.com\/en\/wp-json\/wp\/v2\/pages\/23093\/revisions"}],"predecessor-version":[{"id":23589,"href":"https:\/\/cerenkataryildirim.com\/en\/wp-json\/wp\/v2\/pages\/23093\/revisions\/23589"}],"up":[{"embeddable":true,"href":"https:\/\/cerenkataryildirim.com\/en\/wp-json\/wp\/v2\/pages\/3927"}],"wp:attachment":[{"href":"https:\/\/cerenkataryildirim.com\/en\/wp-json\/wp\/v2\/media?parent=23093"}],"curies":[{"name":"wp","href":"https:\/\/api.w.org\/{rel}","templated":true}]}}