{"id":3927,"date":"2020-12-27T10:34:11","date_gmt":"2020-12-27T08:04:11","guid":{"rendered":"https:\/\/cerenkataryildirim.com\/?page_id=3927"},"modified":"2023-04-04T12:22:48","modified_gmt":"2023-04-04T09:22:48","slug":"hizmetlerimiz","status":"publish","type":"page","link":"https:\/\/cerenkataryildirim.com\/en\/ourservices\/","title":{"rendered":"Our services"},"content":{"rendered":"<div data-elementor-type=\"wp-page\" data-elementor-id=\"3927\" class=\"elementor elementor-3927\" data-elementor-post-type=\"page\">\n\t\t\t\t\t\t<section class=\"elementor-section elementor-top-section elementor-element elementor-element-0031877 elementor-section-stretched scheme_default elementor-section-boxed elementor-section-height-default elementor-section-height-default sc_fly_static\" data-id=\"0031877\" data-element_type=\"section\" data-settings=\"{&quot;stretch_section&quot;:&quot;section-stretched&quot;,&quot;background_background&quot;:&quot;classic&quot;}\">\n\t\t\t\t\t\t<div class=\"elementor-container elementor-column-gap-extended\">\n\t\t\t\t\t<div class=\"elementor-column elementor-col-100 elementor-top-column elementor-element elementor-element-ec54732 sc_inner_width_none sc_content_align_inherit sc_layouts_column_icons_position_left sc_fly_static\" data-id=\"ec54732\" data-element_type=\"column\">\n\t\t\t<div class=\"elementor-widget-wrap elementor-element-populated\">\n\t\t\t\t\t\t<section class=\"elementor-section elementor-inner-section elementor-element elementor-element-fe3a46e elementor-section-content-middle elementor-section-boxed elementor-section-height-default elementor-section-height-default sc_fly_static\" data-id=\"fe3a46e\" data-element_type=\"section\">\n\t\t\t\t\t\t<div class=\"elementor-container elementor-column-gap-extended\">\n\t\t\t\t\t<div class=\"elementor-column elementor-col-100 elementor-inner-column elementor-element elementor-element-47638f0 sc_inner_width_none sc_content_align_inherit sc_layouts_column_icons_position_left sc_fly_static\" data-id=\"47638f0\" data-element_type=\"column\">\n\t\t\t<div class=\"elementor-widget-wrap elementor-element-populated\">\n\t\t\t\t\t\t<div class=\"elementor-element elementor-element-3dd2060 sc_fly_static elementor-widget elementor-widget-trx_sc_icons\" data-id=\"3dd2060\" data-element_type=\"widget\" data-widget_type=\"trx_sc_icons.default\">\n\t\t\t\t<div class=\"elementor-widget-container\">\n\t\t\t\t\t<div \tclass=\"sc_icons sc_icons_plate sc_icons_size_medium sc_align_left\" ><div class=\"sc_icons_columns_wrap sc_item_columns trx_addons_columns_wrap columns_padding_bottom columns_in_single_row\" ><div class=\"trx_addons_column-1_2 trx_addons_column-1_2-tablet trx_addons_column-1_2-mobile\"><div class=\"sc_icons_item sc_icons_item_linked with_more\"><div class=\"sc_icons_icon sc_icon_type_ icon-female\" ><span class=\"sc_icon_type_ icon-female\"><\/span><\/div><div class=\"sc_icons_item_details\"><h4 class=\"sc_icons_item_title\"><a href=\"\/en\/hizmetlerimiz\/cinsel-sorunlar-ve-tedavileri\/\">\n                                    Sexual Problems and Treatments                                    <\/a><\/h4><div class=\"sc_icons_item_description\"><span>Vaginismus<\/span><span>Pain in Sexual Intercourse<\/span><span>Inability to have sexual intercourse<\/span><span>Sexual Pleasure Treatments (Orgasmic Disorders)<\/span><span>Vulvar Vestibulitis Syndrome<\/span><\/div><a href=\"\/en\/hizmetlerimiz\/cinsel-sorunlar-ve-tedavileri\/\" class=\"sc_icons_item_more_link\">\n                        <span class=\"link_text\">More information<\/span><span class=\"link_icon\"><\/span>\n                        <\/a><a href=\"\/en\/hizmetlerimiz\/cinsel-sorunlar-ve-tedavileri\/\"\n                        class=\"sc_icons_item_link\">\n                        <\/a><\/div><\/div><\/div><div class=\"trx_addons_column-1_2 trx_addons_column-1_2-tablet trx_addons_column-1_2-mobile\"><div class=\"sc_icons_item sc_icons_item_linked with_more\"><div class=\"sc_icons_icon sc_icon_type_ icon-012-health-care\" ><span class=\"sc_icon_type_ icon-012-health-care\"><\/span><\/div><div class=\"sc_icons_item_details\"><h4 class=\"sc_icons_item_title\"><a href=\"\/en\/hizmetlerimiz\/genital-estetik\/\">\n                                    Genital Aesthetics                                    <\/a><\/h4><div class=\"sc_icons_item_description\"><span>Labiaplasty<\/span><span>Vagina Tightening<\/span><span>Laser Vagina Tightening<\/span><span>Clitoris Aesthetics<\/span><span>Perineal Aesthetics<\/span><span>Genital Area Color Lightening Treatments<\/span><span>Genital Area Filling<\/span><span>Labial Hypertrophy Aesthetics(enlarged vaginal lips)<\/span><span>Mons Pubis Aesthetics<\/span><\/div><a href=\"\/en\/hizmetlerimiz\/genital-estetik\/\" class=\"sc_icons_item_more_link\">\n                        <span class=\"link_text\">More information<\/span><span class=\"link_icon\"><\/span>\n                        <\/a><a href=\"\/en\/hizmetlerimiz\/genital-estetik\/\"\n                        class=\"sc_icons_item_link\">\n                        <\/a><\/div><\/div><\/div><\/div><\/div><!-- \/.sc_icons -->\t\t\t\t<\/div>\n\t\t\t\t<\/div>\n\t\t\t\t<div class=\"elementor-element elementor-element-ed90cfa sc_fly_static elementor-widget elementor-widget-trx_sc_icons\" data-id=\"ed90cfa\" data-element_type=\"widget\" data-widget_type=\"trx_sc_icons.default\">\n\t\t\t\t<div class=\"elementor-widget-container\">\n\t\t\t\t\t<div \tclass=\"sc_icons sc_icons_plate sc_icons_size_medium sc_align_center\" ><div class=\"sc_icons_columns_wrap sc_item_columns trx_addons_columns_wrap columns_padding_bottom\" ><div class=\"trx_addons_column-1_4 trx_addons_column-1_4-tablet trx_addons_column-1_2-mobile\"><div class=\"sc_icons_item sc_icons_item_linked with_more\"><div class=\"sc_icons_icon sc_icon_type_ icon-tencent-weibo\" ><span class=\"sc_icon_type_ icon-tencent-weibo\"><\/span><\/div><div class=\"sc_icons_item_details\"><h4 class=\"sc_icons_item_title\"><a href=\"\/en\/hizmetlerimiz\/genital-bolge-lazer-uygulamalari\/\">\n                                    Genital Area Laser Applications                                    <\/a><\/h4><a href=\"\/en\/hizmetlerimiz\/genital-bolge-lazer-uygulamalari\/\" class=\"sc_icons_item_more_link\">\n                        <span class=\"link_text\">More information<\/span><span class=\"link_icon\"><\/span>\n                        <\/a><a href=\"\/en\/hizmetlerimiz\/genital-bolge-lazer-uygulamalari\/\"\n                        class=\"sc_icons_item_link\">\n                        <\/a><\/div><\/div><\/div><div class=\"trx_addons_column-1_4 trx_addons_column-1_4-tablet trx_addons_column-1_2-mobile\"><div class=\"sc_icons_item sc_icons_item_linked with_more\"><div class=\"sc_icons_icon sc_icon_type_ icon-019-injection\" ><span class=\"sc_icon_type_ icon-019-injection\"><\/span><\/div><div class=\"sc_icons_item_details\"><h4 class=\"sc_icons_item_title\"><a href=\"https:\/\/cerenkataryildirim.com\/en\/hizmetlerimiz\/genital-estetikte-hyaluronik-asit-uygulamalari\/\">\n                                    Genital Area Hyaluronic Acid Applications                                    <\/a><\/h4><a href=\"https:\/\/cerenkataryildirim.com\/en\/hizmetlerimiz\/genital-estetikte-hyaluronik-asit-uygulamalari\/\" class=\"sc_icons_item_more_link\">\n                        <span class=\"link_text\">More information<\/span><span class=\"link_icon\"><\/span>\n                        <\/a><a href=\"https:\/\/cerenkataryildirim.com\/en\/hizmetlerimiz\/genital-estetikte-hyaluronik-asit-uygulamalari\/\"\n                        class=\"sc_icons_item_link\">\n                        <\/a><\/div><\/div><\/div><div class=\"trx_addons_column-1_4 trx_addons_column-1_4-tablet trx_addons_column-1_2-mobile\"><div class=\"sc_icons_item sc_icons_item_linked with_more\"><div class=\"sc_icons_icon sc_icon_type_ icon-circle-empty\" ><span class=\"sc_icon_type_ icon-circle-empty\"><\/span><\/div><div class=\"sc_icons_item_details\"><h4 class=\"sc_icons_item_title\"><a href=\"\/en\/hizmetlerimiz\/o-shot\/\">\n                                    O Shot                                    <\/a><\/h4><a href=\"\/en\/hizmetlerimiz\/o-shot\/\" class=\"sc_icons_item_more_link\">\n                        <span class=\"link_text\">More information<\/span><span class=\"link_icon\"><\/span>\n                        <\/a><a href=\"\/en\/hizmetlerimiz\/o-shot\/\"\n                        class=\"sc_icons_item_link\">\n                        <\/a><\/div><\/div><\/div><div class=\"trx_addons_column-1_4 trx_addons_column-1_4-tablet trx_addons_column-1_2-mobile\"><div class=\"sc_icons_item sc_icons_item_linked with_more\"><div class=\"sc_icons_icon sc_icon_type_ icon-circle-dot\" ><span class=\"sc_icon_type_ icon-circle-dot\"><\/span><\/div><div class=\"sc_icons_item_details\"><h4 class=\"sc_icons_item_title\"><a href=\"\/en\/hizmetlerimiz\/g-shot\/\">\n                                    G Shot                                    <\/a><\/h4><a href=\"\/en\/hizmetlerimiz\/g-shot\/\" class=\"sc_icons_item_more_link\">\n                        <span class=\"link_text\">More information<\/span><span class=\"link_icon\"><\/span>\n                        <\/a><a href=\"\/en\/hizmetlerimiz\/g-shot\/\"\n                        class=\"sc_icons_item_link\">\n                        <\/a><\/div><\/div><\/div><div class=\"trx_addons_column-1_4 trx_addons_column-1_4-tablet trx_addons_column-1_2-mobile\"><div class=\"sc_icons_item sc_icons_item_linked with_more\"><div class=\"sc_icons_icon sc_icon_type_ icon-scalpel\" ><span class=\"sc_icon_type_ icon-scalpel\"><\/span><\/div><div class=\"sc_icons_item_details\"><h4 class=\"sc_icons_item_title\"><a href=\"\/en\/hizmetlerimiz\/genital-estetik-revizyon-ameliyati\/\">\n                                    Genital Aesthetic Revision Surgeries                                    <\/a><\/h4><a href=\"\/en\/hizmetlerimiz\/genital-estetik-revizyon-ameliyati\/\" class=\"sc_icons_item_more_link\">\n                        <span class=\"link_text\">More information<\/span><span class=\"link_icon\"><\/span>\n                        <\/a><a href=\"\/en\/hizmetlerimiz\/genital-estetik-revizyon-ameliyati\/\"\n                        class=\"sc_icons_item_link\">\n                        <\/a><\/div><\/div><\/div><div class=\"trx_addons_column-1_4 trx_addons_column-1_4-tablet trx_addons_column-1_2-mobile\"><div class=\"sc_icons_item sc_icons_item_linked with_more\"><div class=\"sc_icons_icon sc_icon_type_ icon-011-first-aid-kit\" ><span class=\"sc_icon_type_ icon-011-first-aid-kit\"><\/span><\/div><div class=\"sc_icons_item_details\"><h4 class=\"sc_icons_item_title\"><a href=\"\/en\/hizmetlerimiz\/kizlik-zari\/\">\n                                    Hymen                                    <\/a><\/h4><a href=\"\/en\/hizmetlerimiz\/kizlik-zari\/\" class=\"sc_icons_item_more_link\">\n                        <span class=\"link_text\">More information<\/span><span class=\"link_icon\"><\/span>\n                        <\/a><a href=\"\/en\/hizmetlerimiz\/kizlik-zari\/\"\n                        class=\"sc_icons_item_link\">\n                        <\/a><\/div><\/div><\/div><div class=\"trx_addons_column-1_4 trx_addons_column-1_4-tablet trx_addons_column-1_2-mobile\"><div class=\"sc_icons_item sc_icons_item_linked with_more\"><div class=\"sc_icons_icon sc_icon_type_ icon-med-antivirus\" ><span class=\"sc_icon_type_ icon-med-antivirus\"><\/span><\/div><div class=\"sc_icons_item_details\"><h4 class=\"sc_icons_item_title\"><a href=\"\/en\/hizmetlerimiz\/jinekoloji\/\">\n                                    Gynecology                                    <\/a><\/h4><div class=\"sc_icons_item_description\"><span>Lichen Sclerosis<\/span><span>Frequent vaginal yeast infection<\/span><span>Other operations<\/span><\/div><a href=\"\/en\/hizmetlerimiz\/jinekoloji\/\" class=\"sc_icons_item_more_link\">\n                        <span class=\"link_text\">More information<\/span><span class=\"link_icon\"><\/span>\n                        <\/a><a href=\"\/en\/hizmetlerimiz\/jinekoloji\/\"\n                        class=\"sc_icons_item_link\">\n                        <\/a><\/div><\/div><\/div><\/div><\/div><!-- \/.sc_icons -->\t\t\t\t<\/div>\n\t\t\t\t<\/div>\n\t\t\t\t\t<\/div>\n\t\t<\/div>\n\t\t\t\t\t<\/div>\n\t\t<\/section>\n\t\t\t\t\t<\/div>\n\t\t<\/div>\n\t\t\t\t\t<\/div>\n\t\t<\/section>\n\t\t\t\t<section class=\"elementor-section elementor-top-section elementor-element elementor-element-1adabb62 scheme_dark elementor-section-content-middle elementor-reverse-mobile elementor-section-boxed elementor-section-height-default elementor-section-height-default sc_fly_static\" data-id=\"1adabb62\" data-element_type=\"section\" data-settings=\"{&quot;background_background&quot;:&quot;classic&quot;}\">\n\t\t\t\t\t\t\t<div class=\"elementor-background-overlay\"><\/div>\n\t\t\t\t\t\t\t<div class=\"elementor-container elementor-column-gap-default\">\n\t\t\t\t\t<div class=\"elementor-column elementor-col-50 elementor-top-column elementor-element elementor-element-6a52b62f sc_inner_width_none sc_content_align_inherit sc_layouts_column_icons_position_left sc_fly_static\" data-id=\"6a52b62f\" data-element_type=\"column\">\n\t\t\t<div class=\"elementor-widget-wrap elementor-element-populated\">\n\t\t\t\t\t\t<div class=\"elementor-element elementor-element-7aacbedc sc_height_huge sc_layouts_hide_on_mobile sc_fly_static elementor-widget elementor-widget-spacer\" data-id=\"7aacbedc\" data-element_type=\"widget\" data-widget_type=\"spacer.default\">\n\t\t\t\t<div class=\"elementor-widget-container\">\n\t\t\t\t\t\t\t<div class=\"elementor-spacer\">\n\t\t\t<div class=\"elementor-spacer-inner\"><\/div>\n\t\t<\/div>\n\t\t\t\t\t\t<\/div>\n\t\t\t\t<\/div>\n\t\t\t\t<div class=\"elementor-element elementor-element-1425f422 sc_height_large sc_layouts_hide_on_tablet sc_layouts_hide_on_mobile sc_fly_static elementor-widget elementor-widget-spacer\" data-id=\"1425f422\" data-element_type=\"widget\" data-widget_type=\"spacer.default\">\n\t\t\t\t<div class=\"elementor-widget-container\">\n\t\t\t\t\t\t\t<div class=\"elementor-spacer\">\n\t\t\t<div class=\"elementor-spacer-inner\"><\/div>\n\t\t<\/div>\n\t\t\t\t\t\t<\/div>\n\t\t\t\t<\/div>\n\t\t\t\t<div class=\"elementor-element elementor-element-69f81d28 sc_fly_static elementor-widget elementor-widget-trx_sc_title\" data-id=\"69f81d28\" data-element_type=\"widget\" data-widget_type=\"trx_sc_title.default\">\n\t\t\t\t<div class=\"elementor-widget-container\">\n\t\t\t\t\t<div\t\tclass=\"sc_title color_style_link3 sc_title_default\" ><span class=\"sc_item_subtitle sc_title_subtitle sc_item_subtitle_above sc_item_title_style_default\">OP. DR. Ceren Katar Y\u0131ld\u0131r\u0131m<\/span><h1 class=\"sc_item_title sc_title_title sc_item_title_style_default sc_item_title_tag\"\n\t\t\t><span class=\"sc_item_title_text\">We provide quality services for each of our patients.<\/span><\/h1><div\tclass=\"sc_item_button sc_button_wrap sc_item_button sc_item_button_hover sc_title_button\"><a href=\"\/en\/hakkimizda\/\" class=\"sc_button sc_button_hover sc_button_size_normal sc_button_icon_left\"><span class=\"sc_button_text\"><span class=\"sc_button_title\">About<\/span><\/span><\/a><\/div><\/div>\t\t\t\t<\/div>\n\t\t\t\t<\/div>\n\t\t\t\t<div class=\"elementor-element elementor-element-5fb68538 sc_height_huge sc_fly_static elementor-widget elementor-widget-spacer\" data-id=\"5fb68538\" data-element_type=\"widget\" data-widget_type=\"spacer.default\">\n\t\t\t\t<div class=\"elementor-widget-container\">\n\t\t\t\t\t\t\t<div class=\"elementor-spacer\">\n\t\t\t<div class=\"elementor-spacer-inner\"><\/div>\n\t\t<\/div>\n\t\t\t\t\t\t<\/div>\n\t\t\t\t<\/div>\n\t\t\t\t<div class=\"elementor-element elementor-element-71160b6b sc_height_large sc_layouts_hide_on_tablet sc_layouts_hide_on_mobile sc_fly_static elementor-widget elementor-widget-spacer\" data-id=\"71160b6b\" data-element_type=\"widget\" data-widget_type=\"spacer.default\">\n\t\t\t\t<div class=\"elementor-widget-container\">\n\t\t\t\t\t\t\t<div class=\"elementor-spacer\">\n\t\t\t<div class=\"elementor-spacer-inner\"><\/div>\n\t\t<\/div>\n\t\t\t\t\t\t<\/div>\n\t\t\t\t<\/div>\n\t\t\t\t\t<\/div>\n\t\t<\/div>\n\t\t\t\t<div class=\"elementor-column elementor-col-50 elementor-top-column elementor-element elementor-element-5ce4abfd sc_layouts_column_align_right sc_layouts_column sc-mobile_layouts_column_align_left sc_layouts_column sc_inner_width_none sc_content_align_inherit sc_layouts_column_icons_position_left sc_fly_static\" data-id=\"5ce4abfd\" data-element_type=\"column\">\n\t\t\t<div class=\"elementor-widget-wrap\">\n\t\t\t\t\t\t\t<\/div>\n\t\t<\/div>\n\t\t\t\t\t<\/div>\n\t\t<\/section>\n\t\t\t\t<\/div>","protected":false},"excerpt":{"rendered":"<p>Cinsel Sorunlar ve Tedavileri VajinismusCinsel \u0130li\u015fkide A\u011fr\u0131Cinsel \u0130li\u015fkiye GirememeCinsel Haz Tedavileri (Orgazm Bozukluklar\u0131)Vulvar Vestibulit Sendromu&hellip;<\/p>","protected":false},"author":16,"featured_media":0,"parent":0,"menu_order":0,"comment_status":"closed","ping_status":"closed","template":"","meta":{"footnotes":""},"class_list":["post-3927","page","type-page","status-publish","hentry"],"yoast_head":"<!-- This site is optimized with the Yoast SEO plugin v23.6 - https:\/\/yoast.com\/wordpress\/plugins\/seo\/ -->\n<title>Hizmetlerimiz - Op. Dr. Ceren Katar Y\u0131ld\u0131r\u0131m<\/title>\n<meta name=\"robots\" content=\"index, follow, max-snippet:-1, max-image-preview:large, max-video-preview:-1\" \/>\n<link rel=\"canonical\" href=\"https:\/\/cerenkataryildirim.com\/en\/hizmetlerimiz\/\" \/>\n<meta property=\"og:locale\" content=\"en_US\" \/>\n<meta property=\"og:type\" content=\"article\" \/>\n<meta property=\"og:title\" content=\"Hizmetlerimiz - Op. Dr. Ceren Katar Y\u0131ld\u0131r\u0131m\" \/>\n<meta property=\"og:description\" content=\"Cinsel Sorunlar ve Tedavileri VajinismusCinsel \u0130li\u015fkide A\u011fr\u0131Cinsel \u0130li\u015fkiye GirememeCinsel Haz Tedavileri (Orgazm Bozukluklar\u0131)Vulvar Vestibulit Sendromu&hellip;\" \/>\n<meta property=\"og:url\" content=\"https:\/\/cerenkataryildirim.com\/en\/hizmetlerimiz\/\" \/>\n<meta property=\"og:site_name\" content=\"Op. Dr. Ceren Katar Y\u0131ld\u0131r\u0131m\" \/>\n<meta property=\"article:modified_time\" content=\"2023-04-04T09:22:48+00:00\" \/>\n<meta property=\"og:image\" content=\"https:\/\/cerenkataryildirim.com\/wp-content\/uploads\/2023\/01\/Ceren-Katar-Yildirim-Logo-r2.png\" \/>\n\t<meta property=\"og:image:width\" content=\"1064\" \/>\n\t<meta property=\"og:image:height\" content=\"377\" \/>\n\t<meta property=\"og:image:type\" content=\"image\/png\" \/>\n<meta name=\"twitter:card\" content=\"summary_large_image\" \/>\n<meta name=\"twitter:label1\" content=\"Est. reading time\" \/>\n\t<meta name=\"twitter:data1\" content=\"1 minute\" \/>\n<script type=\"application\/ld+json\" class=\"yoast-schema-graph\">{\"@context\":\"https:\/\/schema.org\",\"@graph\":[{\"@type\":\"WebPage\",\"@id\":\"https:\/\/cerenkataryildirim.com\/hizmetlerimiz\/\",\"url\":\"https:\/\/cerenkataryildirim.com\/hizmetlerimiz\/\",\"name\":\"Hizmetlerimiz - Op. Dr. Ceren Katar Y\u0131ld\u0131r\u0131m\",\"isPartOf\":{\"@id\":\"https:\/\/cerenkataryildirim.com\/#website\"},\"datePublished\":\"2020-12-27T08:04:11+00:00\",\"dateModified\":\"2023-04-04T09:22:48+00:00\",\"breadcrumb\":{\"@id\":\"https:\/\/cerenkataryildirim.com\/hizmetlerimiz\/#breadcrumb\"},\"inLanguage\":\"en-US\",\"potentialAction\":[{\"@type\":\"ReadAction\",\"target\":[\"https:\/\/cerenkataryildirim.com\/hizmetlerimiz\/\"]}]},{\"@type\":\"BreadcrumbList\",\"@id\":\"https:\/\/cerenkataryildirim.com\/hizmetlerimiz\/#breadcrumb\",\"itemListElement\":[{\"@type\":\"ListItem\",\"position\":1,\"name\":\"Anasayfa\",\"item\":\"https:\/\/cerenkataryildirim.com\/\"},{\"@type\":\"ListItem\",\"position\":2,\"name\":\"Hizmetlerimiz\"}]},{\"@type\":\"WebSite\",\"@id\":\"https:\/\/cerenkataryildirim.com\/#website\",\"url\":\"https:\/\/cerenkataryildirim.com\/\",\"name\":\"Op. Dr. Ceren Katar Y\u0131ld\u0131r\u0131m\",\"description\":\"Kad\u0131n Hastal\u0131klar\u0131 ve Do\u011fum Uzman\u0131\",\"publisher\":{\"@id\":\"https:\/\/cerenkataryildirim.com\/#organization\"},\"potentialAction\":[{\"@type\":\"SearchAction\",\"target\":{\"@type\":\"EntryPoint\",\"urlTemplate\":\"https:\/\/cerenkataryildirim.com\/?s={search_term_string}\"},\"query-input\":{\"@type\":\"PropertyValueSpecification\",\"valueRequired\":true,\"valueName\":\"search_term_string\"}}],\"inLanguage\":\"en-US\"},{\"@type\":\"Organization\",\"@id\":\"https:\/\/cerenkataryildirim.com\/#organization\",\"name\":\"Op. Dr. Ceren Katar Y\u0131ld\u0131r\u0131m\",\"url\":\"https:\/\/cerenkataryildirim.com\/\",\"logo\":{\"@type\":\"ImageObject\",\"inLanguage\":\"en-US\",\"@id\":\"https:\/\/cerenkataryildirim.com\/#\/schema\/logo\/image\/\",\"url\":\"https:\/\/cerenkataryildirim.com\/wp-content\/uploads\/2023\/01\/Ceren-Katar-Yildirim-Logo-r2.png\",\"contentUrl\":\"https:\/\/cerenkataryildirim.com\/wp-content\/uploads\/2023\/01\/Ceren-Katar-Yildirim-Logo-r2.png\",\"width\":1064,\"height\":377,\"caption\":\"Op. Dr. Ceren Katar Y\u0131ld\u0131r\u0131m\"},\"image\":{\"@id\":\"https:\/\/cerenkataryildirim.com\/#\/schema\/logo\/image\/\"},\"sameAs\":[\"https:\/\/www.instagram.com\/op.dr.cerenkataryildirim\"]}]}<\/script>\n<!-- \/ Yoast SEO plugin. -->","yoast_head_json":{"title":"Our services - Op. Dr. Ceren Katar Y\u0131ld\u0131r\u0131m","robots":{"index":"index","follow":"follow","max-snippet":"max-snippet:-1","max-image-preview":"max-image-preview:large","max-video-preview":"max-video-preview:-1"},"canonical":"https:\/\/cerenkataryildirim.com\/en\/hizmetlerimiz\/","og_locale":"en_US","og_type":"article","og_title":"Hizmetlerimiz - Op. Dr. Ceren Katar Y\u0131ld\u0131r\u0131m","og_description":"Cinsel Sorunlar ve Tedavileri VajinismusCinsel \u0130li\u015fkide A\u011fr\u0131Cinsel \u0130li\u015fkiye GirememeCinsel Haz Tedavileri (Orgazm Bozukluklar\u0131)Vulvar Vestibulit Sendromu&hellip;","og_url":"https:\/\/cerenkataryildirim.com\/en\/hizmetlerimiz\/","og_site_name":"Op. Dr. Ceren Katar Y\u0131ld\u0131r\u0131m","article_modified_time":"2023-04-04T09:22:48+00:00","og_image":[{"width":1064,"height":377,"url":"https:\/\/cerenkataryildirim.com\/wp-content\/uploads\/2023\/01\/Ceren-Katar-Yildirim-Logo-r2.png","type":"image\/png"}],"twitter_card":"summary_large_image","twitter_misc":{"Est. reading time":"1 minute"},"schema":{"@context":"https:\/\/schema.org","@graph":[{"@type":"WebPage","@id":"https:\/\/cerenkataryildirim.com\/hizmetlerimiz\/","url":"https:\/\/cerenkataryildirim.com\/hizmetlerimiz\/","name":"Our services - Op. Dr. Ceren Katar Y\u0131ld\u0131r\u0131m","isPartOf":{"@id":"https:\/\/cerenkataryildirim.com\/#website"},"datePublished":"2020-12-27T08:04:11+00:00","dateModified":"2023-04-04T09:22:48+00:00","breadcrumb":{"@id":"https:\/\/cerenkataryildirim.com\/hizmetlerimiz\/#breadcrumb"},"inLanguage":"en-US","potentialAction":[{"@type":"ReadAction","target":["https:\/\/cerenkataryildirim.com\/hizmetlerimiz\/"]}]},{"@type":"BreadcrumbList","@id":"https:\/\/cerenkataryildirim.com\/hizmetlerimiz\/#breadcrumb","itemListElement":[{"@type":"ListItem","position":1,"name":"Anasayfa","item":"https:\/\/cerenkataryildirim.com\/"},{"@type":"ListItem","position":2,"name":"Hizmetlerimiz"}]},{"@type":"WebSite","@id":"https:\/\/cerenkataryildirim.com\/#website","url":"https:\/\/cerenkataryildirim.com\/","name":"Op. Dr. Ceren Katar Y\u0131ld\u0131r\u0131m","description":"Kad\u0131n Hastal\u0131klar\u0131 ve Do\u011fum Uzman\u0131","publisher":{"@id":"https:\/\/cerenkataryildirim.com\/#organization"},"potentialAction":[{"@type":"SearchAction","target":{"@type":"EntryPoint","urlTemplate":"https:\/\/cerenkataryildirim.com\/?s={search_term_string}"},"query-input":{"@type":"PropertyValueSpecification","valueRequired":true,"valueName":"search_term_string"}}],"inLanguage":"en-US"},{"@type":"Organization","@id":"https:\/\/cerenkataryildirim.com\/#organization","name":"Op. Dr. Ceren Katar Y\u0131ld\u0131r\u0131m","url":"https:\/\/cerenkataryildirim.com\/","logo":{"@type":"ImageObject","inLanguage":"en-US","@id":"https:\/\/cerenkataryildirim.com\/#\/schema\/logo\/image\/","url":"https:\/\/cerenkataryildirim.com\/wp-content\/uploads\/2023\/01\/Ceren-Katar-Yildirim-Logo-r2.png","contentUrl":"https:\/\/cerenkataryildirim.com\/wp-content\/uploads\/2023\/01\/Ceren-Katar-Yildirim-Logo-r2.png","width":1064,"height":377,"caption":"Op. Dr. Ceren Katar Y\u0131ld\u0131r\u0131m"},"image":{"@id":"https:\/\/cerenkataryildirim.com\/#\/schema\/logo\/image\/"},"sameAs":["https:\/\/www.instagram.com\/op.dr.cerenkataryildirim"]}]}},"_links":{"self":[{"href":"https:\/\/cerenkataryildirim.com\/en\/wp-json\/wp\/v2\/pages\/3927","targetHints":{"allow":["GET"]}}],"collection":[{"href":"https:\/\/cerenkataryildirim.com\/en\/wp-json\/wp\/v2\/pages"}],"about":[{"href":"https:\/\/cerenkataryildirim.com\/en\/wp-json\/wp\/v2\/types\/page"}],"author":[{"embeddable":true,"href":"https:\/\/cerenkataryildirim.com\/en\/wp-json\/wp\/v2\/users\/16"}],"replies":[{"embeddable":true,"href":"https:\/\/cerenkataryildirim.com\/en\/wp-json\/wp\/v2\/comments?post=3927"}],"version-history":[{"count":60,"href":"https:\/\/cerenkataryildirim.com\/en\/wp-json\/wp\/v2\/pages\/3927\/revisions"}],"predecessor-version":[{"id":24525,"href":"https:\/\/cerenkataryildirim.com\/en\/wp-json\/wp\/v2\/pages\/3927\/revisions\/24525"}],"wp:attachment":[{"href":"https:\/\/cerenkataryildirim.com\/en\/wp-json\/wp\/v2\/media?parent=3927"}],"curies":[{"name":"wp","href":"https:\/\/api.w.org\/{rel}","templated":true}]}}